{"id":15486,"date":"2023-04-18T15:04:23","date_gmt":"2023-04-18T13:04:23","guid":{"rendered":"https:\/\/www.ceibcn.com\/?page_id=15486"},"modified":"2026-02-16T13:57:09","modified_gmt":"2026-02-16T12:57:09","slug":"mecanismes-de-participacio-de-lalumnat-del-cei","status":"publish","type":"page","link":"https:\/\/www.ceibcn.com\/ca\/portal-de-qualitat\/mecanismes-de-participacio-de-lalumnat-del-cei\/","title":{"rendered":"Mecanismes de participaci\u00f3 de l\u2019alumnat del CEI"},"content":{"rendered":"\t\t<div data-elementor-type=\"wp-page\" data-elementor-id=\"15486\" class=\"elementor elementor-15486 elementor-14635\" data-elementor-settings=\"{&quot;ha_cmc_init_switcher&quot;:&quot;no&quot;}\" data-elementor-post-type=\"page\">\n\t\t\t\t\t\t<section class=\"elementor-section elementor-top-section elementor-element elementor-element-213cdd2 elementor-section-full_width elementor-section-height-default elementor-section-height-default\" data-id=\"213cdd2\" data-element_type=\"section\" data-e-type=\"section\" data-settings=\"{&quot;_ha_eqh_enable&quot;:false}\">\n\t\t\t\t\t\t<div class=\"elementor-container elementor-column-gap-no\">\n\t\t\t\t\t<div class=\"elementor-column elementor-col-100 elementor-top-column elementor-element elementor-element-76df58b\" data-id=\"76df58b\" data-element_type=\"column\" data-e-type=\"column\">\n\t\t\t<div class=\"elementor-widget-wrap elementor-element-populated\">\n\t\t\t\t\t\t<div class=\"elementor-element elementor-element-9d01ab9 elementor-widget elementor-widget-template\" data-id=\"9d01ab9\" data-element_type=\"widget\" data-e-type=\"widget\" data-widget_type=\"template.default\">\n\t\t\t\t<div class=\"elementor-widget-container\">\n\t\t\t\t\t\t\t<div class=\"elementor-template\">\n\t\t\t\t\t<div data-elementor-type=\"page\" data-elementor-id=\"15093\" class=\"elementor elementor-15093 elementor-14547\" data-elementor-settings=\"{&quot;ha_cmc_init_switcher&quot;:&quot;no&quot;}\" data-elementor-post-type=\"elementor_library\">\n\t\t\t\t\t\t<section class=\"elementor-section elementor-top-section elementor-element elementor-element-1d54a8e elementor-section-boxed elementor-section-height-default elementor-section-height-default\" data-id=\"1d54a8e\" data-element_type=\"section\" data-e-type=\"section\" data-settings=\"{&quot;background_background&quot;:&quot;classic&quot;,&quot;_ha_eqh_enable&quot;:false}\">\n\t\t\t\t\t\t<div class=\"elementor-container elementor-column-gap-default\">\n\t\t\t\t\t<div class=\"elementor-column elementor-col-100 elementor-top-column elementor-element elementor-element-0050163\" data-id=\"0050163\" data-element_type=\"column\" data-e-type=\"column\">\n\t\t\t<div class=\"elementor-widget-wrap elementor-element-populated\">\n\t\t\t\t\t\t<div class=\"elementor-element elementor-element-18a7097 elementor-widget elementor-widget-spacer\" data-id=\"18a7097\" data-element_type=\"widget\" data-e-type=\"widget\" data-widget_type=\"spacer.default\">\n\t\t\t\t<div class=\"elementor-widget-container\">\n\t\t\t\t\t\t\t<div class=\"elementor-spacer\">\n\t\t\t<div class=\"elementor-spacer-inner\"><\/div>\n\t\t<\/div>\n\t\t\t\t\t\t<\/div>\n\t\t\t\t<\/div>\n\t\t\t\t<div class=\"elementor-element elementor-element-8d7aedc elementor-widget elementor-widget-spacer\" data-id=\"8d7aedc\" data-element_type=\"widget\" data-e-type=\"widget\" data-widget_type=\"spacer.default\">\n\t\t\t\t<div class=\"elementor-widget-container\">\n\t\t\t\t\t\t\t<div class=\"elementor-spacer\">\n\t\t\t<div class=\"elementor-spacer-inner\"><\/div>\n\t\t<\/div>\n\t\t\t\t\t\t<\/div>\n\t\t\t\t<\/div>\n\t\t\t\t\t<\/div>\n\t\t<\/div>\n\t\t\t\t\t<\/div>\n\t\t<\/section>\n\t\t\t\t<section class=\"elementor-section elementor-top-section elementor-element elementor-element-1bca906 elementor-section-full_width elementor-section-height-default elementor-section-height-default\" data-id=\"1bca906\" data-element_type=\"section\" data-e-type=\"section\" data-settings=\"{&quot;_ha_eqh_enable&quot;:false}\">\n\t\t\t\t\t\t<div class=\"elementor-container elementor-column-gap-no\">\n\t\t\t\t\t<div class=\"elementor-column elementor-col-100 elementor-top-column elementor-element elementor-element-ffc5891\" data-id=\"ffc5891\" data-element_type=\"column\" data-e-type=\"column\">\n\t\t\t<div class=\"elementor-widget-wrap elementor-element-populated\">\n\t\t\t\t\t\t<div class=\"elementor-element elementor-element-7c88157 eael-hamburger--tablet elementor-widget elementor-widget-eael-simple-menu\" data-id=\"7c88157\" data-element_type=\"widget\" data-e-type=\"widget\" data-widget_type=\"eael-simple-menu.default\">\n\t\t\t\t<div class=\"elementor-widget-container\">\n\t\t\t\t\t<style>\n                        @media screen and (max-width: 1024px) {\n                            .eael-hamburger--tablet {\n                                .eael-simple-menu-horizontal,\n                                .eael-simple-menu-vertical {\n                                    display: none;\n                                }\n                            }\n                            .eael-hamburger--tablet {\n                                .eael-simple-menu-container .eael-simple-menu-toggle {\n                                    display: block;\n                                }\n                            }\n                        }\n                    <\/style>            <div data-hamburger-icon=\"&lt;i aria-hidden=&quot;true&quot; class=&quot;hm hm-angle-down&quot;&gt;&lt;\/i&gt;\" data-indicator-icon=\"&lt;i aria-hidden=&quot;true&quot; class=&quot;icon icon-chevron-down&quot;&gt;&lt;\/i&gt;\" data-dropdown-indicator-icon=\"&lt;svg class=&quot;e-font-icon-svg e-fas-angle-down&quot; viewBox=&quot;0 0 320 512&quot; xmlns=&quot;http:\/\/www.w3.org\/2000\/svg&quot;&gt;&lt;path d=&quot;M143 352.3L7 216.3c-9.4-9.4-9.4-24.6 0-33.9l22.6-22.6c9.4-9.4 24.6-9.4 33.9 0l96.4 96.4 96.4-96.4c9.4-9.4 24.6-9.4 33.9 0l22.6 22.6c9.4 9.4 9.4 24.6 0 33.9l-136 136c-9.2 9.4-24.4 9.4-33.8 0z&quot;&gt;&lt;\/path&gt;&lt;\/svg&gt;\" class=\"eael-simple-menu-container eael-simple-menu-align-center eael-simple-menu-dropdown-align-left preset-1\" data-hamburger-breakpoints=\"{&quot;mobile&quot;:&quot;M\\u00f2bil vertical (&gt; 767px)&quot;,&quot;tablet&quot;:&quot;Tauleta vertical (&gt; 1024px)&quot;,&quot;desktop&quot;:&quot;Desktop (&gt; 2400px)&quot;,&quot;none&quot;:&quot;None&quot;}\" data-hamburger-device=\"tablet\">\n                <ul id=\"menu-portal-qualitat\" class=\"eael-simple-menu eael-simple-menu-dropdown-animate-to-top eael-simple-menu-indicator eael-hamburger-left eael-simple-menu-horizontal\"><li id=\"menu-item-15091\" class=\"menu-item menu-item-type-custom menu-item-object-custom menu-item-has-children menu-item-15091\"><a href=\"#\">L&#8217;organitzaci\u00f3 i el context<\/a>\n<ul class=\"sub-menu\">\n\t<li id=\"menu-item-15359\" class=\"menu-item menu-item-type-custom menu-item-object-custom menu-item-15359\"><a href=\"https:\/\/www.ceibcn.com\/ca\/portal-de-qualitat\/\">Missi\u00f3, visi\u00f3 i pol\u00edtica de qualitat del CEI<\/a><\/li>\n\t<li id=\"menu-item-15563\" class=\"menu-item menu-item-type-custom menu-item-object-custom menu-item-15563\"><a href=\"https:\/\/www.ceibcn.com\/ca\/portal-de-qualitat\/marc-normatiu\/\">Marc normatiu<\/a><\/li>\n\t<li id=\"menu-item-34785\" class=\"menu-item menu-item-type-post_type menu-item-object-page menu-item-34785\"><a href=\"https:\/\/www.ceibcn.com\/ca\/portal-de-qualitat\/normatives\/\">Normatives<\/a><\/li>\n\t<li id=\"menu-item-15564\" class=\"menu-item menu-item-type-custom menu-item-object-custom menu-item-15564\"><a href=\"https:\/\/www.ceibcn.com\/ca\/portal-de-qualitat\/mapes-de-processos\/\">Mapes de processos<\/a><\/li>\n\t<li id=\"menu-item-15565\" class=\"menu-item menu-item-type-custom menu-item-object-custom menu-item-15565\"><a href=\"https:\/\/www.ceibcn.com\/ca\/portal-de-qualitat\/parts-interessades-del-cei\/\">Parts interessades del CEI<\/a><\/li>\n\t<li id=\"menu-item-15566\" class=\"menu-item menu-item-type-custom menu-item-object-custom menu-item-15566\"><a href=\"https:\/\/www.ceibcn.com\/ca\/portal-de-qualitat\/mecanismes-de-participacio-de-lalumnat-del-cei\/\">Mecanismes de participaci\u00f3 de l\u2019alumnat del CEI<\/a><\/li>\n<\/ul>\n<\/li>\n<li id=\"menu-item-36426\" class=\"menu-item menu-item-type-post_type menu-item-object-page menu-item-36426\"><a href=\"https:\/\/www.ceibcn.com\/ca\/comissio-digualtat\/\">Comissi\u00f3 d\u2019Igualtat<\/a><\/li>\n<li id=\"menu-item-15567\" class=\"menu-item menu-item-type-custom menu-item-object-custom menu-item-has-children menu-item-15567\"><a href=\"#\">Planificaci\u00f3 de la qualitat i millora<\/a>\n<ul class=\"sub-menu\">\n\t<li id=\"menu-item-15568\" class=\"menu-item menu-item-type-custom menu-item-object-custom menu-item-15568\"><a href=\"https:\/\/www.ceibcn.com\/ca\/portal-de-qualitat\/comissio-de-qualitat\/\">Comissi\u00f3 de qualitat<\/a><\/li>\n\t<li id=\"menu-item-15569\" class=\"menu-item menu-item-type-custom menu-item-object-custom menu-item-15569\"><a href=\"https:\/\/www.ceibcn.com\/ca\/portal-de-qualitat\/objectius-de-qualitat\/\">Objectius de qualitat<\/a><\/li>\n\t<li id=\"menu-item-15570\" class=\"menu-item menu-item-type-custom menu-item-object-custom menu-item-15570\"><a target=\"_blank\" href=\"https:\/\/www.ceibcn.com\/wp-content\/uploads\/2026\/02\/Manual-de-Qualitat_CEI_CAT-v7.pdf\">Manual de qualitat<\/a><\/li>\n\t<li id=\"menu-item-15571\" class=\"menu-item menu-item-type-custom menu-item-object-custom menu-item-15571\"><a target=\"_blank\" href=\"https:\/\/cc.crw.es\/public_indicadors.php\">Indicadors de qualitat<\/a><\/li>\n\t<li id=\"menu-item-15572\" class=\"menu-item menu-item-type-custom menu-item-object-custom menu-item-15572\"><a href=\"https:\/\/www.ceibcn.com\/ca\/portal-de-qualitat\/incidencies-i-accions-correctives\/\">Incid\u00e8ncies i accions correctives<\/a><\/li>\n<\/ul>\n<\/li>\n<li id=\"menu-item-15573\" class=\"menu-item menu-item-type-custom menu-item-object-custom menu-item-15573\"><a href=\"https:\/\/www.ceibcn.com\/ca\/portal-de-qualitat\/qualitat-de-les-titulacions\/\">Qualitat de les titulacions<\/a><\/li>\n<li id=\"menu-item-36485\" class=\"menu-item menu-item-type-custom menu-item-object-custom menu-item-36485\"><a target=\"_blank\" href=\"https:\/\/www.ceibcn.com\/wp-content\/uploads\/2026\/03\/Catalan-CEI-EN-CIFRAS.pdf\">El CEI en xifres<\/a><\/li>\n<li id=\"menu-item-34788\" class=\"menu-item menu-item-type-post_type menu-item-object-page menu-item-34788\"><a href=\"https:\/\/www.ceibcn.com\/ca\/portal-de-qualitat\/normatives\/\">Normatives<\/a><\/li>\n<\/ul>                <button class=\"eael-simple-menu-toggle\">\n                    <span class=\"sr-only \">Hamburger Toggle Menu<\/span>\n                    <i aria-hidden=\"true\" class=\"hm hm-angle-down\"><\/i>                <\/button>\n            <\/div>\n            \t\t\t\t<\/div>\n\t\t\t\t<\/div>\n\t\t\t\t\t<\/div>\n\t\t<\/div>\n\t\t\t\t\t<\/div>\n\t\t<\/section>\n\t\t\t\t<\/div>\n\t\t\t\t<\/div>\n\t\t\t\t\t\t<\/div>\n\t\t\t\t<\/div>\n\t\t\t\t\t<\/div>\n\t\t<\/div>\n\t\t\t\t\t<\/div>\n\t\t<\/section>\n\t\t\t\t<section class=\"elementor-section elementor-top-section elementor-element elementor-element-001834d elementor-section-boxed elementor-section-height-default elementor-section-height-default\" data-id=\"001834d\" data-element_type=\"section\" data-e-type=\"section\" data-settings=\"{&quot;_ha_eqh_enable&quot;:false}\">\n\t\t\t\t\t\t<div class=\"elementor-container elementor-column-gap-default\">\n\t\t\t\t\t<div class=\"elementor-column elementor-col-100 elementor-top-column elementor-element elementor-element-f2f2871\" data-id=\"f2f2871\" data-element_type=\"column\" data-e-type=\"column\">\n\t\t\t<div class=\"elementor-widget-wrap elementor-element-populated\">\n\t\t\t\t\t\t<div class=\"elementor-element elementor-element-c3ec081 elementor-widget elementor-widget-spacer\" data-id=\"c3ec081\" data-element_type=\"widget\" data-e-type=\"widget\" data-widget_type=\"spacer.default\">\n\t\t\t\t<div class=\"elementor-widget-container\">\n\t\t\t\t\t\t\t<div class=\"elementor-spacer\">\n\t\t\t<div class=\"elementor-spacer-inner\"><\/div>\n\t\t<\/div>\n\t\t\t\t\t\t<\/div>\n\t\t\t\t<\/div>\n\t\t\t\t\t<\/div>\n\t\t<\/div>\n\t\t\t\t\t<\/div>\n\t\t<\/section>\n\t\t\t\t<section class=\"elementor-section elementor-top-section elementor-element elementor-element-99365cc elementor-section-boxed elementor-section-height-default elementor-section-height-default\" data-id=\"99365cc\" data-element_type=\"section\" data-e-type=\"section\" data-settings=\"{&quot;_ha_eqh_enable&quot;:false}\">\n\t\t\t\t\t\t<div class=\"elementor-container elementor-column-gap-default\">\n\t\t\t\t\t<div class=\"elementor-column elementor-col-100 elementor-top-column elementor-element elementor-element-7500d65\" data-id=\"7500d65\" data-element_type=\"column\" data-e-type=\"column\">\n\t\t\t<div class=\"elementor-widget-wrap elementor-element-populated\">\n\t\t\t\t\t\t<div class=\"elementor-element elementor-element-b6b76f9 html elementor-widget elementor-widget-text-editor\" data-id=\"b6b76f9\" data-element_type=\"widget\" data-e-type=\"widget\" data-widget_type=\"text-editor.default\">\n\t\t\t\t<div class=\"elementor-widget-container\">\n\t\t\t\t\t\t\t\t\t<p>L&#8217;alumnat del CEI t\u00e9 a la seva disposici\u00f3 els mecanismes seg\u00fcents per participar en la comunitat universit\u00e0ria durant la seva formaci\u00f3.<\/p><ul><li><a href=\"https:\/\/app.powerbi.com\/view?r=eyJrIjoiYWFmZDRjM2QtMGFlOS00MGE3LWJiNjItOWE2OWUzYTZlZDIzIiwidCI6ImEyMzEzY2FiLWIxYzMtNGYzYS1iYjExLTIxNTc0NDdkZGJiNCIsImMiOjh9\" target=\"_blank\" rel=\"noopener\">Les enquestes d\u2019inici de curs, d\u2019avaluaci\u00f3 del personal docent i investigador i d\u2019avaluaci\u00f3 de la satisfacci\u00f3 global amb la formaci\u00f3 i el funcionament del centre.<\/a><\/li><li>La persona delegada de curs.<\/li><li><a href=\"https:\/\/www.ceibcn.com\/wp-content\/uploads\/2023\/06\/El-Consell-de-lalumnat-del-CEI-ca.pdf\" target=\"_blank\" rel=\"noopener\">El Consell de l&#8217;alumnat.<\/a><\/li><li><a href=\"https:\/\/www.ceibcn.com\/wp-content\/uploads\/2023\/06\/El-Pla-dAccio-Tutorial-ca.pdf\" target=\"_blank\" rel=\"noopener\">El Pla d&#8217;Acci\u00f3 Tutorial (PAT).<\/a><\/li><li>La representaci\u00f3 a la Comissi\u00f3 de Qualitat a trav\u00e9s de la representaci\u00f3 en Comissi\u00f3 d&#8217;Avaluaci\u00f3 Interna (CAI).<\/li><\/ul>\t\t\t\t\t\t\t\t<\/div>\n\t\t\t\t<\/div>\n\t\t\t\t<div class=\"elementor-element elementor-element-601dd2e elementor-widget elementor-widget-text-editor\" data-id=\"601dd2e\" data-element_type=\"widget\" data-e-type=\"widget\" data-widget_type=\"text-editor.default\">\n\t\t\t\t<div class=\"elementor-widget-container\">\n\t\t\t\t\t\t\t\t\t\u00daltima actualizaci\u00f3: 16 de febrer de 2026\t\t\t\t\t\t\t\t<\/div>\n\t\t\t\t<\/div>\n\t\t\t\t\t<\/div>\n\t\t<\/div>\n\t\t\t\t\t<\/div>\n\t\t<\/section>\n\t\t\t\t<\/div>\n\t\t","protected":false},"excerpt":{"rendered":"<p>L&#8217;alumnat del CEI t\u00e9 a la seva disposici\u00f3 els mecanismes seg\u00fcents per participar en la comunitat universit\u00e0ria durant la seva formaci\u00f3. Les enquestes d\u2019inici de curs, d\u2019avaluaci\u00f3 del personal docent i investigador i d\u2019avaluaci\u00f3 de la satisfacci\u00f3 global amb la formaci\u00f3 i el funcionament del centre. La persona delegada de curs. El Consell de l&#8217;alumnat. [&hellip;]<\/p>\n","protected":false},"author":6,"featured_media":0,"parent":15089,"menu_order":0,"comment_status":"closed","ping_status":"closed","template":"","meta":{"_acf_changed":false,"_crdt_document":"","inline_featured_image":false,"footnotes":""},"class_list":["post-15486","page","type-page","status-publish","hentry"],"acf":[],"yoast_head":"<!-- This site is optimized with the Yoast SEO plugin v27.0 - https:\/\/yoast.com\/product\/yoast-seo-wordpress\/ -->\n<title>Mecanismes de participaci\u00f3 de l\u2019alumnat del CEI - CEI International Affairs<\/title>\n<meta name=\"robots\" content=\"index, follow, max-snippet:-1, max-image-preview:large, max-video-preview:-1\" \/>\n<link rel=\"canonical\" href=\"https:\/\/www.ceibcn.com\/ca\/portal-de-qualitat\/mecanismes-de-participacio-de-lalumnat-del-cei\/\" \/>\n<meta property=\"og:locale\" content=\"ca_ES\" \/>\n<meta property=\"og:type\" content=\"article\" \/>\n<meta property=\"og:title\" content=\"Mecanismes de participaci\u00f3 de l\u2019alumnat del CEI - CEI International Affairs\" \/>\n<meta property=\"og:description\" content=\"L&#8217;alumnat del CEI t\u00e9 a la seva disposici\u00f3 els mecanismes seg\u00fcents per participar en la comunitat universit\u00e0ria durant la seva formaci\u00f3. Les enquestes d\u2019inici de curs, d\u2019avaluaci\u00f3 del personal docent i investigador i d\u2019avaluaci\u00f3 de la satisfacci\u00f3 global amb la formaci\u00f3 i el funcionament del centre. La persona delegada de curs. El Consell de l&#8217;alumnat. [&hellip;]\" \/>\n<meta property=\"og:url\" content=\"https:\/\/www.ceibcn.com\/ca\/portal-de-qualitat\/mecanismes-de-participacio-de-lalumnat-del-cei\/\" \/>\n<meta property=\"og:site_name\" content=\"CEI International Affairs\" \/>\n<meta property=\"article:publisher\" content=\"https:\/\/www.facebook.com\/CEI.CentroDeEstudiosInternacionales\/\" \/>\n<meta property=\"article:modified_time\" content=\"2026-02-16T12:57:09+00:00\" \/>\n<meta property=\"og:image\" content=\"https:\/\/www.ceibcn.com\/wp-content\/uploads\/2023\/01\/Logo-CEI.png\" \/>\n\t<meta property=\"og:image:width\" content=\"500\" \/>\n\t<meta property=\"og:image:height\" content=\"500\" \/>\n\t<meta property=\"og:image:type\" content=\"image\/png\" \/>\n<meta name=\"twitter:card\" content=\"summary_large_image\" \/>\n<meta name=\"twitter:site\" content=\"@CEIbcn\" \/>\n<meta name=\"twitter:label1\" content=\"Temps estimat de lectura\" \/>\n\t<meta name=\"twitter:data1\" content=\"2 minuts\" \/>\n<script type=\"application\/ld+json\" class=\"yoast-schema-graph\">{\"@context\":\"https:\/\/schema.org\",\"@graph\":[{\"@type\":\"WebPage\",\"@id\":\"https:\/\/www.ceibcn.com\/ca\/portal-de-qualitat\/mecanismes-de-participacio-de-lalumnat-del-cei\/\",\"url\":\"https:\/\/www.ceibcn.com\/ca\/portal-de-qualitat\/mecanismes-de-participacio-de-lalumnat-del-cei\/\",\"name\":\"Mecanismes de participaci\u00f3 de l\u2019alumnat del CEI - CEI International Affairs\",\"isPartOf\":{\"@id\":\"https:\/\/www.ceibcn.com\/ca\/#website\"},\"datePublished\":\"2023-04-18T13:04:23+00:00\",\"dateModified\":\"2026-02-16T12:57:09+00:00\",\"breadcrumb\":{\"@id\":\"https:\/\/www.ceibcn.com\/ca\/portal-de-qualitat\/mecanismes-de-participacio-de-lalumnat-del-cei\/#breadcrumb\"},\"inLanguage\":\"ca\",\"potentialAction\":[{\"@type\":\"ReadAction\",\"target\":[\"https:\/\/www.ceibcn.com\/ca\/portal-de-qualitat\/mecanismes-de-participacio-de-lalumnat-del-cei\/\"]}]},{\"@type\":\"BreadcrumbList\",\"@id\":\"https:\/\/www.ceibcn.com\/ca\/portal-de-qualitat\/mecanismes-de-participacio-de-lalumnat-del-cei\/#breadcrumb\",\"itemListElement\":[{\"@type\":\"ListItem\",\"position\":1,\"name\":\"Portada\",\"item\":\"https:\/\/www.ceibcn.com\/ca\/\"},{\"@type\":\"ListItem\",\"position\":2,\"name\":\"Portal de Qualitat\",\"item\":\"https:\/\/www.ceibcn.com\/ca\/portal-de-qualitat\/\"},{\"@type\":\"ListItem\",\"position\":3,\"name\":\"Mecanismes de participaci\u00f3 de l\u2019alumnat del CEI\"}]},{\"@type\":\"WebSite\",\"@id\":\"https:\/\/www.ceibcn.com\/ca\/#website\",\"url\":\"https:\/\/www.ceibcn.com\/ca\/\",\"name\":\"CEI International Affairs\",\"description\":\"CEI International Affairs\",\"publisher\":{\"@id\":\"https:\/\/www.ceibcn.com\/ca\/#organization\"},\"alternateName\":\"CEI International Affairs\",\"potentialAction\":[{\"@type\":\"SearchAction\",\"target\":{\"@type\":\"EntryPoint\",\"urlTemplate\":\"https:\/\/www.ceibcn.com\/ca\/?s={search_term_string}\"},\"query-input\":{\"@type\":\"PropertyValueSpecification\",\"valueRequired\":true,\"valueName\":\"search_term_string\"}}],\"inLanguage\":\"ca\"},{\"@type\":\"Organization\",\"@id\":\"https:\/\/www.ceibcn.com\/ca\/#organization\",\"name\":\"CEI International Affairs\",\"url\":\"https:\/\/www.ceibcn.com\/ca\/\",\"logo\":{\"@type\":\"ImageObject\",\"inLanguage\":\"ca\",\"@id\":\"https:\/\/www.ceibcn.com\/ca\/#\/schema\/logo\/image\/\",\"url\":\"https:\/\/www.ceibcn.com\/wp-content\/uploads\/2021\/09\/CeiLogo_EscuelaDiploVectorized_vectorizedSIN_FONDO.png\",\"contentUrl\":\"https:\/\/www.ceibcn.com\/wp-content\/uploads\/2021\/09\/CeiLogo_EscuelaDiploVectorized_vectorizedSIN_FONDO.png\",\"width\":1591,\"height\":629,\"caption\":\"CEI International Affairs\"},\"image\":{\"@id\":\"https:\/\/www.ceibcn.com\/ca\/#\/schema\/logo\/image\/\"},\"sameAs\":[\"https:\/\/www.facebook.com\/CEI.CentroDeEstudiosInternacionales\/\",\"https:\/\/x.com\/CEIbcn\",\"https:\/\/www.instagram.com\/cei_international\/\"]}]}<\/script>\n<!-- \/ Yoast SEO plugin. -->","yoast_head_json":{"title":"Mecanismes de participaci\u00f3 de l\u2019alumnat del CEI - CEI International Affairs","robots":{"index":"index","follow":"follow","max-snippet":"max-snippet:-1","max-image-preview":"max-image-preview:large","max-video-preview":"max-video-preview:-1"},"canonical":"https:\/\/www.ceibcn.com\/ca\/portal-de-qualitat\/mecanismes-de-participacio-de-lalumnat-del-cei\/","og_locale":"ca_ES","og_type":"article","og_title":"Mecanismes de participaci\u00f3 de l\u2019alumnat del CEI - CEI International Affairs","og_description":"L&#8217;alumnat del CEI t\u00e9 a la seva disposici\u00f3 els mecanismes seg\u00fcents per participar en la comunitat universit\u00e0ria durant la seva formaci\u00f3. Les enquestes d\u2019inici de curs, d\u2019avaluaci\u00f3 del personal docent i investigador i d\u2019avaluaci\u00f3 de la satisfacci\u00f3 global amb la formaci\u00f3 i el funcionament del centre. La persona delegada de curs. El Consell de l&#8217;alumnat. [&hellip;]","og_url":"https:\/\/www.ceibcn.com\/ca\/portal-de-qualitat\/mecanismes-de-participacio-de-lalumnat-del-cei\/","og_site_name":"CEI International Affairs","article_publisher":"https:\/\/www.facebook.com\/CEI.CentroDeEstudiosInternacionales\/","article_modified_time":"2026-02-16T12:57:09+00:00","og_image":[{"width":500,"height":500,"url":"https:\/\/www.ceibcn.com\/wp-content\/uploads\/2023\/01\/Logo-CEI.png","type":"image\/png"}],"twitter_card":"summary_large_image","twitter_site":"@CEIbcn","twitter_misc":{"Temps estimat de lectura":"2 minuts"},"schema":{"@context":"https:\/\/schema.org","@graph":[{"@type":"WebPage","@id":"https:\/\/www.ceibcn.com\/ca\/portal-de-qualitat\/mecanismes-de-participacio-de-lalumnat-del-cei\/","url":"https:\/\/www.ceibcn.com\/ca\/portal-de-qualitat\/mecanismes-de-participacio-de-lalumnat-del-cei\/","name":"Mecanismes de participaci\u00f3 de l\u2019alumnat del CEI - CEI International Affairs","isPartOf":{"@id":"https:\/\/www.ceibcn.com\/ca\/#website"},"datePublished":"2023-04-18T13:04:23+00:00","dateModified":"2026-02-16T12:57:09+00:00","breadcrumb":{"@id":"https:\/\/www.ceibcn.com\/ca\/portal-de-qualitat\/mecanismes-de-participacio-de-lalumnat-del-cei\/#breadcrumb"},"inLanguage":"ca","potentialAction":[{"@type":"ReadAction","target":["https:\/\/www.ceibcn.com\/ca\/portal-de-qualitat\/mecanismes-de-participacio-de-lalumnat-del-cei\/"]}]},{"@type":"BreadcrumbList","@id":"https:\/\/www.ceibcn.com\/ca\/portal-de-qualitat\/mecanismes-de-participacio-de-lalumnat-del-cei\/#breadcrumb","itemListElement":[{"@type":"ListItem","position":1,"name":"Portada","item":"https:\/\/www.ceibcn.com\/ca\/"},{"@type":"ListItem","position":2,"name":"Portal de Qualitat","item":"https:\/\/www.ceibcn.com\/ca\/portal-de-qualitat\/"},{"@type":"ListItem","position":3,"name":"Mecanismes de participaci\u00f3 de l\u2019alumnat del CEI"}]},{"@type":"WebSite","@id":"https:\/\/www.ceibcn.com\/ca\/#website","url":"https:\/\/www.ceibcn.com\/ca\/","name":"CEI International Affairs","description":"CEI International Affairs","publisher":{"@id":"https:\/\/www.ceibcn.com\/ca\/#organization"},"alternateName":"CEI International Affairs","potentialAction":[{"@type":"SearchAction","target":{"@type":"EntryPoint","urlTemplate":"https:\/\/www.ceibcn.com\/ca\/?s={search_term_string}"},"query-input":{"@type":"PropertyValueSpecification","valueRequired":true,"valueName":"search_term_string"}}],"inLanguage":"ca"},{"@type":"Organization","@id":"https:\/\/www.ceibcn.com\/ca\/#organization","name":"CEI International Affairs","url":"https:\/\/www.ceibcn.com\/ca\/","logo":{"@type":"ImageObject","inLanguage":"ca","@id":"https:\/\/www.ceibcn.com\/ca\/#\/schema\/logo\/image\/","url":"https:\/\/www.ceibcn.com\/wp-content\/uploads\/2021\/09\/CeiLogo_EscuelaDiploVectorized_vectorizedSIN_FONDO.png","contentUrl":"https:\/\/www.ceibcn.com\/wp-content\/uploads\/2021\/09\/CeiLogo_EscuelaDiploVectorized_vectorizedSIN_FONDO.png","width":1591,"height":629,"caption":"CEI International Affairs"},"image":{"@id":"https:\/\/www.ceibcn.com\/ca\/#\/schema\/logo\/image\/"},"sameAs":["https:\/\/www.facebook.com\/CEI.CentroDeEstudiosInternacionales\/","https:\/\/x.com\/CEIbcn","https:\/\/www.instagram.com\/cei_international\/"]}]}},"_links":{"self":[{"href":"https:\/\/www.ceibcn.com\/ca\/wp-json\/wp\/v2\/pages\/15486","targetHints":{"allow":["GET"]}}],"collection":[{"href":"https:\/\/www.ceibcn.com\/ca\/wp-json\/wp\/v2\/pages"}],"about":[{"href":"https:\/\/www.ceibcn.com\/ca\/wp-json\/wp\/v2\/types\/page"}],"author":[{"embeddable":true,"href":"https:\/\/www.ceibcn.com\/ca\/wp-json\/wp\/v2\/users\/6"}],"replies":[{"embeddable":true,"href":"https:\/\/www.ceibcn.com\/ca\/wp-json\/wp\/v2\/comments?post=15486"}],"version-history":[{"count":22,"href":"https:\/\/www.ceibcn.com\/ca\/wp-json\/wp\/v2\/pages\/15486\/revisions"}],"predecessor-version":[{"id":36006,"href":"https:\/\/www.ceibcn.com\/ca\/wp-json\/wp\/v2\/pages\/15486\/revisions\/36006"}],"up":[{"embeddable":true,"href":"https:\/\/www.ceibcn.com\/ca\/wp-json\/wp\/v2\/pages\/15089"}],"wp:attachment":[{"href":"https:\/\/www.ceibcn.com\/ca\/wp-json\/wp\/v2\/media?parent=15486"}],"curies":[{"name":"wp","href":"https:\/\/api.w.org\/{rel}","templated":true}]}}