{"id":15932,"date":"2023-05-16T15:05:48","date_gmt":"2023-05-16T13:05:48","guid":{"rendered":"https:\/\/www.ceibcn.com\/?page_id=15932"},"modified":"2023-05-16T18:18:45","modified_gmt":"2023-05-16T16:18:45","slug":"prueba-form","status":"publish","type":"page","link":"https:\/\/www.ceibcn.com\/ca\/prueba-form\/","title":{"rendered":"Prueba Form"},"content":{"rendered":"\t\t<div data-elementor-type=\"wp-page\" data-elementor-id=\"15932\" class=\"elementor elementor-15932\" data-elementor-settings=\"{&quot;ha_cmc_init_switcher&quot;:&quot;no&quot;}\" data-elementor-post-type=\"page\">\n\t\t\t\t\t\t<section class=\"elementor-section elementor-top-section elementor-element elementor-element-326d883 elementor-section-boxed elementor-section-height-default elementor-section-height-default\" data-id=\"326d883\" data-element_type=\"section\" data-e-type=\"section\" data-settings=\"{&quot;_ha_eqh_enable&quot;:false}\">\n\t\t\t\t\t\t<div class=\"elementor-container elementor-column-gap-default\">\n\t\t\t\t\t<div class=\"elementor-column elementor-col-100 elementor-top-column elementor-element elementor-element-b156152\" data-id=\"b156152\" data-element_type=\"column\" data-e-type=\"column\">\n\t\t\t<div class=\"elementor-widget-wrap elementor-element-populated\">\n\t\t\t\t\t\t<div class=\"elementor-element elementor-element-2e826e5 html elementor-button-align-stretch elementor-widget elementor-widget-form\" data-id=\"2e826e5\" data-element_type=\"widget\" data-e-type=\"widget\" id=\"html\" data-settings=\"{&quot;step_next_label&quot;:&quot;Next&quot;,&quot;step_previous_label&quot;:&quot;Previous&quot;,&quot;button_width&quot;:&quot;100&quot;,&quot;step_type&quot;:&quot;number_text&quot;,&quot;step_icon_shape&quot;:&quot;circle&quot;}\" data-widget_type=\"form.default\">\n\t\t\t\t<div class=\"elementor-widget-container\">\n\t\t\t\t\t\t\t<form class=\"elementor-form\" method=\"post\" name=\"Nou formulari\" aria-label=\"Nou formulari\" novalidate=\"\">\n\t\t\t<input type=\"hidden\" name=\"post_id\" value=\"15932\"\/>\n\t\t\t<input type=\"hidden\" name=\"form_id\" value=\"2e826e5\"\/>\n\t\t\t<input type=\"hidden\" name=\"referer_title\" value=\"Prueba Form - CEI International Affairs\" \/>\n\n\t\t\t\t\t\t\t<input type=\"hidden\" name=\"queried_id\" value=\"15932\"\/>\n\t\t\t\n\t\t\t<div class=\"elementor-form-fields-wrapper elementor-labels-above\">\n\t\t\t\t\t\t\t\t<div class=\"elementor-field-type-text elementor-field-group elementor-column elementor-field-group-nombre elementor-col-100\">\n\t\t\t\t\t\t\t\t\t\t\t\t<label for=\"form-field-nombre\" class=\"elementor-field-label\">\n\t\t\t\t\t\t\t\tNombre\t\t\t\t\t\t\t<\/label>\n\t\t\t\t\t\t\t\t\t\t\t\t\t\t<input size=\"1\" type=\"text\" name=\"form_fields[nombre]\" id=\"form-field-nombre\" class=\"elementor-field elementor-size-sm  elementor-field-textual\" placeholder=\"Nombre\">\n\t\t\t\t\t\t\t\t\t\t\t<\/div>\n\t\t\t\t\t\t\t\t<div class=\"elementor-field-type-recaptcha elementor-field-group elementor-column elementor-field-group-field_f335083 elementor-col-100\">\n\t\t\t\t\t<div class=\"elementor-field\" id=\"form-field-field_f335083\"><div class=\"elementor-g-recaptcha\" data-sitekey=\"6LewOBQmAAAAAP6EyhVRiJRBx_q7quPIgvgiJiaQ\" data-type=\"v2_checkbox\" data-theme=\"light\" data-size=\"normal\"><\/div><\/div>\t\t\t\t<\/div>\n\t\t\t\t\t\t\t\t<div class=\"elementor-field-type-text\">\n\t\t\t\t\t<input size=\"1\" type=\"text\" name=\"form_fields[field_3653bb2]\" id=\"form-field-field_3653bb2\" class=\"elementor-field elementor-size-sm \" style=\"display:none !important;\">\t\t\t\t<\/div>\n\t\t\t\t\t\t\t\t<div class=\"elementor-field-group elementor-column elementor-field-type-submit elementor-col-100 e-form__buttons\">\n\t\t\t\t\t<button class=\"elementor-button elementor-size-sm\" type=\"submit\">\n\t\t\t\t\t\t<span class=\"elementor-button-content-wrapper\">\n\t\t\t\t\t\t\t\t\t\t\t\t\t\t\t\t\t\t\t\t\t\t<span class=\"elementor-button-text\">Enviar<\/span>\n\t\t\t\t\t\t\t\t\t\t\t\t\t<\/span>\n\t\t\t\t\t<\/button>\n\t\t\t\t<\/div>\n\t\t\t<\/div>\n\t\t<\/form>\n\t\t\t\t\t\t<\/div>\n\t\t\t\t<\/div>\n\t\t\t\t\t<\/div>\n\t\t<\/div>\n\t\t\t\t\t<\/div>\n\t\t<\/section>\n\t\t\t\t<section class=\"elementor-section elementor-top-section elementor-element elementor-element-fd1c2ed elementor-section-boxed elementor-section-height-default elementor-section-height-default\" data-id=\"fd1c2ed\" data-element_type=\"section\" data-e-type=\"section\" data-settings=\"{&quot;_ha_eqh_enable&quot;:false}\">\n\t\t\t\t\t\t<div class=\"elementor-container elementor-column-gap-default\">\n\t\t\t\t\t<div class=\"elementor-column elementor-col-100 elementor-top-column elementor-element elementor-element-14c9812\" data-id=\"14c9812\" data-element_type=\"column\" data-e-type=\"column\">\n\t\t\t<div class=\"elementor-widget-wrap elementor-element-populated\">\n\t\t\t\t\t\t<div class=\"elementor-element elementor-element-1dc84e8 elementor-widget elementor-widget-html\" data-id=\"1dc84e8\" data-element_type=\"widget\" data-e-type=\"widget\" data-widget_type=\"html.default\">\n\t\t\t\t<div class=\"elementor-widget-container\">\n\t\t\t\t\t<meta http-equiv=\"Content-Type\" content=\"text\/html;charset=UTF-8\">\r\n<form name=\"CONTACTO CEI\" action=\"https:\/\/cei.crm.es\/modules\/Webforms\/capture.php\" method=\"post\" accept-charset=\"utf-8\" enctype=\"multipart\/form-data\">\r\n    <input type=\"hidden\" name=\"__vtrftk\" value=\"sid:5f3974a8816bc2906d5ad7b85f6a6f415d637161,1684244016\">\r\n\t<input type=\"hidden\" name=\"publicid\" value=\"820a0cc1143f1f5448a927cd894ac2b4\">\r\n\t<input type=\"hidden\" name=\"name\" value=\"CONTACTO CEI\">\r\n    <table>\r\n    \t<tbody>\r\n    \t        <tr><td><label>Nombre*<\/label><\/td><td>\r\n    \t            <input class=\"content-input\" type=\"text\" name=\"firstname\" value=\"\" required=\"\"><\/td><\/tr>\r\n            \t<tr><td><label>Apellido*<\/label><\/td><td>\r\n            \t    <input class=\"content-input\" type=\"text\" name=\"lastname\" value=\"\" required=\"\"><\/td><\/tr>\r\n            \t<tr><td><label>Tel\u00e9fono*<\/label><\/td><td>\r\n                \t<input class=\"content-input\" type=\"text\" name=\"phone\" value=\"\" required=\"\"><\/td><\/tr>\r\n          \t\t<tr><td><label>Curso*<\/label><\/td>\r\n          \t\t<td>\r\n                    <select class=\"content-select\" name=\"label:Cursos_CONTacto[]\" required=\"\">\r\n                        <option value=\"M\u00e1ster Universitario en Diplomacia y Organizaciones Internacionales\">M\u00e1ster Universitario en Diplomacia y Organizaciones Internacionales<\/option>\r\n                        <option value=\"M\u00e1ster de formaci\u00f3n permanente en sostenibilidad. Medio ambiente sociedad y econom\u00eda\">M\u00e1ster de formaci\u00f3n permanente en sostenibilidad. Medio ambiente sociedad y econom\u00eda<\/option>\r\n                        <option value=\"Curso de la Uni\u00f3n Europea\">Curso de la Uni\u00f3n Europea<\/option>\r\n                        <option value=\"Preparaci\u00f3n de la Oposici\u00f3n a la Carrera Diplom\u00e1tica\">Preparaci\u00f3n de la Oposici\u00f3n a la Carrera Diplom\u00e1tica<\/option>\r\n                        <option value=\"Curso sobre la Actualidad de la Pol\u00edtica Exterior Espa\u00f1ola\">Curso sobre la Actualidad de la Pol\u00edtica Exterior Espa\u00f1ola<\/option>\r\n                    <\/select>\r\n                <\/td>\r\n                <\/tr>\r\n                <tr><td><label>Email*<\/label><\/td><td>\r\n                    <input class=\"content-input\" type=\"email\" name=\"email\" value=\"\" required=\"\"><\/td><\/tr>\r\n                <tr><td><label>Provincia*<\/label><\/td><td>\r\n                    <input class=\"content-input\" type=\"text\" name=\"state\" value=\"\" required=\"\"><\/td><\/tr>\r\n                <tr><td><label>Pa\u00eds*<\/label><\/td><td>\r\n                    <input class=\"content-input\" type=\"text\" name=\"country\" value=\"\" required=\"\"><\/td><\/tr>\r\n                    \r\n                <tr><td><label>Acepto Pol\u00edtica Privacidad<\/label><\/td><td>\r\n                    <input type=\"hidden\" name=\"label:Acepto_Pol\u00edtica_Privacidad\" value=\"0\">\r\n                    <input type=\"checkbox\" name=\"label:Acepto_Pol\u00edtica_Privacidad\" value=\"1\"><\/td><\/tr>\r\n                <tr><td><label>Acepto Recibir Publicidad<\/label><\/td><td>\r\n                    <input type=\"hidden\" name=\"label:Acepto_Recibir_Publicidad\" value=\"0\">\r\n                    <input type=\"checkbox\" name=\"label:Acepto_Recibir_Publicidad\" value=\"1\"><\/td><\/tr>\r\n                    \r\n                <tr><td><select name=\"leadsource\" required=\"\" hidden=\"\">\r\n                    <option value=\"\">--Selecciona Valor--<\/option>\r\n                    <option value=\"DBACCESS\">DBACCESS<\/option>\r\n                    <option value=\"ACCESS\">ACCESS<\/option>\r\n                    <option value=\"TEL\u00c9FONO\">TEL\u00c9FONO<\/option>\r\n                    <option value=\"CONFERENCIA\">CONFERENCIA<\/option>\r\n                    <option value=\"ALUMNO\">ALUMNO<\/option>\r\n                    <option value=\"SEMINARIO\">SEMINARIO<\/option>\r\n                    <option value=\"MAILING\">MAILING<\/option>\r\n                    <option value=\"OTROS\">OTROS<\/option>\r\n                    <option value=\"RELACIONES PUBLICAS\">RELACIONES PUBLICAS<\/option>\r\n                    <option value=\"SITIO WEB\" selected=\"\">SITIO WEB<\/option>\r\n                    <option value=\"SOCIO\">SOCIO<\/option>\r\n                    <option value=\"WEB DESCARGA FOLLETO\">WEB DESCARGA FOLLETO<\/option>\r\n                    <option value=\"WEB SOLICITA INFORMACI\u00d3N\">WEB SOLICITA INFORMACI\u00d3N<\/option>\r\n                    <option value=\"WEB NEWSLETTER\">WEB NEWSLETTER<\/option>\r\n                    <option value=\"KEYSTONE\">KEYSTONE<\/option>\r\n                    <option value=\"INSCRIPCI\u00d3N\">INSCRIPCI\u00d3N<\/option>\r\n                <\/select><\/td><\/tr>\r\n        <\/tbody>\r\n    <\/table>\r\n    <input type=\"submit\" value=\"Submit\">\r\n<\/form>\r\n<script  type=\"text\/javascript\">window.onload = function() { var N=navigator.appName, ua=navigator.userAgent, tem;var M=ua.match(\/(opera|chrome|safari|firefox|msie)\\\/?\\s*(\\.?\\d+(\\.\\d+)*)\/i);if(M && (tem= ua.match(\/version\\\/([\\.\\d]+)\/i))!= null) M[2]= tem[1];M=M? [M[1], M[2]]: [N, navigator.appVersion, \"-?\"];var browserName = M[0];var form = document.forms[0], inputs = form.elements; form.onsubmit = function() { var required = [], att, val; for (var i = 0; i < inputs.length; i++) { att = inputs[i].getAttribute(\"required\"); val = inputs[i].value; type = inputs[i].type; if(type == \"email\") {if(val != \"\") {var elemLabel = inputs[i].getAttribute(\"label\");var emailFilter = \/^[_\/a-zA-Z0-9]+([!\"#$%&()*+,.\/:;<=>?\\^_`{|}~-]?[a-zA-Z0-9\/_\/-])*@[a-zA-Z0-9]+([\\_\\-\\.]?[a-zA-Z0-9]+)*\\.([\\-\\_]?[a-zA-Z0-9])+(\\.?[a-zA-Z0-9]+)?$\/;var illegalChars= \/[\\(\\)\\<\\>\\,\\;\\:\\\"\\[\\]]\/ ;if (!emailFilter.test(val)) {alert(\"For \"+ elemLabel +\" field please enter valid email address\"); return false;} else if (val.match(illegalChars)) {alert(elemLabel +\" field contains illegal characters\");return false;}}}if (att != null) { if (val.replace(\/^\\s+|\\s+$\/g, \"\") == \"\") { required.push(inputs[i].getAttribute(\"label\")); } } } if (required.length > 0) { alert(\"The following fields are required: \" + required.join()); return false; } var numberTypeInputs = document.querySelectorAll(\"input[type=number]\");for (var i = 0; i < numberTypeInputs.length; i++) { val = numberTypeInputs[i].value;var elemLabel = numberTypeInputs[i].getAttribute(\"label\");if(val != \"\") {var intRegex = \/^[+-]?\\d+$\/;if (!intRegex.test(val)) {alert(\"For \"+ elemLabel +\" field please enter valid number\"); return false;}}}}; }<\/script>\t\t\t\t<\/div>\n\t\t\t\t<\/div>\n\t\t\t\t<div class=\"elementor-element elementor-element-ce30264 elementor-shape-rounded elementor-grid-0 e-grid-align-center elementor-widget elementor-widget-social-icons\" data-id=\"ce30264\" data-element_type=\"widget\" data-e-type=\"widget\" data-widget_type=\"social-icons.default\">\n\t\t\t\t<div class=\"elementor-widget-container\">\n\t\t\t\t\t\t\t<div class=\"elementor-social-icons-wrapper elementor-grid\" role=\"list\">\n\t\t\t\t\t\t\t<span class=\"elementor-grid-item\" role=\"listitem\">\n\t\t\t\t\t<a class=\"elementor-icon elementor-social-icon elementor-social-icon-facebook elementor-repeater-item-7d9f569\" href=\"https:\/\/www.facebook.com\/CEI.CentroDeEstudiosInternacionales\" target=\"_blank\">\n\t\t\t\t\t\t<span class=\"elementor-screen-only\">Facebook<\/span>\n\t\t\t\t\t\t<svg aria-hidden=\"true\" class=\"e-font-icon-svg e-fab-facebook\" viewBox=\"0 0 512 512\" xmlns=\"http:\/\/www.w3.org\/2000\/svg\"><path d=\"M504 256C504 119 393 8 256 8S8 119 8 256c0 123.78 90.69 226.38 209.25 245V327.69h-63V256h63v-54.64c0-62.15 37-96.48 93.67-96.48 27.14 0 55.52 4.84 55.52 4.84v61h-31.28c-30.8 0-40.41 19.12-40.41 38.73V256h68.78l-11 71.69h-57.78V501C413.31 482.38 504 379.78 504 256z\"><\/path><\/svg>\t\t\t\t\t<\/a>\n\t\t\t\t<\/span>\n\t\t\t\t\t\t\t<span class=\"elementor-grid-item\" role=\"listitem\">\n\t\t\t\t\t<a class=\"elementor-icon elementor-social-icon elementor-social-icon-twitter elementor-repeater-item-92bbd72\" href=\"https:\/\/twitter.com\/CEIbcn\" target=\"_blank\">\n\t\t\t\t\t\t<span class=\"elementor-screen-only\">Twitter<\/span>\n\t\t\t\t\t\t<svg aria-hidden=\"true\" class=\"e-font-icon-svg e-fab-twitter\" viewBox=\"0 0 512 512\" xmlns=\"http:\/\/www.w3.org\/2000\/svg\"><path d=\"M459.37 151.716c.325 4.548.325 9.097.325 13.645 0 138.72-105.583 298.558-298.558 298.558-59.452 0-114.68-17.219-161.137-47.106 8.447.974 16.568 1.299 25.34 1.299 49.055 0 94.213-16.568 130.274-44.832-46.132-.975-84.792-31.188-98.112-72.772 6.498.974 12.995 1.624 19.818 1.624 9.421 0 18.843-1.3 27.614-3.573-48.081-9.747-84.143-51.98-84.143-102.985v-1.299c13.969 7.797 30.214 12.67 47.431 13.319-28.264-18.843-46.781-51.005-46.781-87.391 0-19.492 5.197-37.36 14.294-52.954 51.655 63.675 129.3 105.258 216.365 109.807-1.624-7.797-2.599-15.918-2.599-24.04 0-57.828 46.782-104.934 104.934-104.934 30.213 0 57.502 12.67 76.67 33.137 23.715-4.548 46.456-13.32 66.599-25.34-7.798 24.366-24.366 44.833-46.132 57.827 21.117-2.273 41.584-8.122 60.426-16.243-14.292 20.791-32.161 39.308-52.628 54.253z\"><\/path><\/svg>\t\t\t\t\t<\/a>\n\t\t\t\t<\/span>\n\t\t\t\t\t\t\t<span class=\"elementor-grid-item\" role=\"listitem\">\n\t\t\t\t\t<a class=\"elementor-icon elementor-social-icon elementor-social-icon-instagram elementor-repeater-item-0d7353c\" href=\"https:\/\/www.instagram.com\/cei_international\/\" target=\"_blank\">\n\t\t\t\t\t\t<span class=\"elementor-screen-only\">Instagram<\/span>\n\t\t\t\t\t\t<svg aria-hidden=\"true\" class=\"e-font-icon-svg e-fab-instagram\" viewBox=\"0 0 448 512\" xmlns=\"http:\/\/www.w3.org\/2000\/svg\"><path d=\"M224.1 141c-63.6 0-114.9 51.3-114.9 114.9s51.3 114.9 114.9 114.9S339 319.5 339 255.9 287.7 141 224.1 141zm0 189.6c-41.1 0-74.7-33.5-74.7-74.7s33.5-74.7 74.7-74.7 74.7 33.5 74.7 74.7-33.6 74.7-74.7 74.7zm146.4-194.3c0 14.9-12 26.8-26.8 26.8-14.9 0-26.8-12-26.8-26.8s12-26.8 26.8-26.8 26.8 12 26.8 26.8zm76.1 27.2c-1.7-35.9-9.9-67.7-36.2-93.9-26.2-26.2-58-34.4-93.9-36.2-37-2.1-147.9-2.1-184.9 0-35.8 1.7-67.6 9.9-93.9 36.1s-34.4 58-36.2 93.9c-2.1 37-2.1 147.9 0 184.9 1.7 35.9 9.9 67.7 36.2 93.9s58 34.4 93.9 36.2c37 2.1 147.9 2.1 184.9 0 35.9-1.7 67.7-9.9 93.9-36.2 26.2-26.2 34.4-58 36.2-93.9 2.1-37 2.1-147.8 0-184.8zM398.8 388c-7.8 19.6-22.9 34.7-42.6 42.6-29.5 11.7-99.5 9-132.1 9s-102.7 2.6-132.1-9c-19.6-7.8-34.7-22.9-42.6-42.6-11.7-29.5-9-99.5-9-132.1s-2.6-102.7 9-132.1c7.8-19.6 22.9-34.7 42.6-42.6 29.5-11.7 99.5-9 132.1-9s102.7-2.6 132.1 9c19.6 7.8 34.7 22.9 42.6 42.6 11.7 29.5 9 99.5 9 132.1s2.7 102.7-9 132.1z\"><\/path><\/svg>\t\t\t\t\t<\/a>\n\t\t\t\t<\/span>\n\t\t\t\t\t\t\t<span class=\"elementor-grid-item\" role=\"listitem\">\n\t\t\t\t\t<a class=\"elementor-icon elementor-social-icon elementor-social-icon-linkedin elementor-repeater-item-ee429f1\" href=\"https:\/\/www.linkedin.com\/school\/ceibcn\/\" target=\"_blank\">\n\t\t\t\t\t\t<span class=\"elementor-screen-only\">Linkedin<\/span>\n\t\t\t\t\t\t<svg aria-hidden=\"true\" class=\"e-font-icon-svg e-fab-linkedin\" viewBox=\"0 0 448 512\" xmlns=\"http:\/\/www.w3.org\/2000\/svg\"><path d=\"M416 32H31.9C14.3 32 0 46.5 0 64.3v383.4C0 465.5 14.3 480 31.9 480H416c17.6 0 32-14.5 32-32.3V64.3c0-17.8-14.4-32.3-32-32.3zM135.4 416H69V202.2h66.5V416zm-33.2-243c-21.3 0-38.5-17.3-38.5-38.5S80.9 96 102.2 96c21.2 0 38.5 17.3 38.5 38.5 0 21.3-17.2 38.5-38.5 38.5zm282.1 243h-66.4V312c0-24.8-.5-56.7-34.5-56.7-34.6 0-39.9 27-39.9 54.9V416h-66.4V202.2h63.7v29.2h.9c8.9-16.8 30.6-34.5 62.9-34.5 67.2 0 79.7 44.3 79.7 101.9V416z\"><\/path><\/svg>\t\t\t\t\t<\/a>\n\t\t\t\t<\/span>\n\t\t\t\t\t<\/div>\n\t\t\t\t\t\t<\/div>\n\t\t\t\t<\/div>\n\t\t\t\t\t<\/div>\n\t\t<\/div>\n\t\t\t\t\t<\/div>\n\t\t<\/section>\n\t\t\t\t<\/div>\n\t\t","protected":false},"excerpt":{"rendered":"<p>Nombre* Apellido* Tel\u00e9fono* Curso* M\u00e1ster Universitario en Diplomacia y Organizaciones InternacionalesM\u00e1ster de formaci\u00f3n permanente en sostenibilidad. Medio ambiente sociedad y econom\u00edaCurso de la Uni\u00f3n EuropeaPreparaci\u00f3n de la Oposici\u00f3n a la Carrera Diplom\u00e1ticaCurso sobre la Actualidad de la Pol\u00edtica Exterior Espa\u00f1ola Email* Provincia* Pa\u00eds* Acepto Pol\u00edtica Privacidad Acepto Recibir Publicidad &#8211;Selecciona Valor&#8211;DBACCESSACCESSTEL\u00c9FONOCONFERENCIAALUMNOSEMINARIOMAILINGOTROSRELACIONES PUBLICASSITIO WEBSOCIOWEB DESCARGA FOLLETOWEB [&hellip;]<\/p>\n","protected":false},"author":6,"featured_media":0,"parent":0,"menu_order":0,"comment_status":"closed","ping_status":"closed","template":"","meta":{"_acf_changed":false,"_crdt_document":"","inline_featured_image":false,"footnotes":""},"class_list":["post-15932","page","type-page","status-publish","hentry"],"acf":[],"yoast_head":"<!-- This site is optimized with the Yoast SEO plugin v27.0 - https:\/\/yoast.com\/product\/yoast-seo-wordpress\/ -->\n<title>Prueba Form - CEI International Affairs<\/title>\n<meta name=\"robots\" content=\"index, follow, max-snippet:-1, max-image-preview:large, max-video-preview:-1\" \/>\n<link rel=\"canonical\" href=\"https:\/\/www.ceibcn.com\/ca\/prueba-form\/\" \/>\n<meta property=\"og:locale\" content=\"ca_ES\" \/>\n<meta property=\"og:type\" content=\"article\" \/>\n<meta property=\"og:title\" content=\"Prueba Form - CEI International Affairs\" \/>\n<meta property=\"og:description\" content=\"Nombre* Apellido* Tel\u00e9fono* Curso* M\u00e1ster Universitario en Diplomacia y Organizaciones InternacionalesM\u00e1ster de formaci\u00f3n permanente en sostenibilidad. Medio ambiente sociedad y econom\u00edaCurso de la Uni\u00f3n EuropeaPreparaci\u00f3n de la Oposici\u00f3n a la Carrera Diplom\u00e1ticaCurso sobre la Actualidad de la Pol\u00edtica Exterior Espa\u00f1ola Email* Provincia* Pa\u00eds* Acepto Pol\u00edtica Privacidad Acepto Recibir Publicidad &#8211;Selecciona Valor&#8211;DBACCESSACCESSTEL\u00c9FONOCONFERENCIAALUMNOSEMINARIOMAILINGOTROSRELACIONES PUBLICASSITIO WEBSOCIOWEB DESCARGA FOLLETOWEB [&hellip;]\" \/>\n<meta property=\"og:url\" content=\"https:\/\/www.ceibcn.com\/ca\/prueba-form\/\" \/>\n<meta property=\"og:site_name\" content=\"CEI International Affairs\" \/>\n<meta property=\"article:publisher\" content=\"https:\/\/www.facebook.com\/CEI.CentroDeEstudiosInternacionales\/\" \/>\n<meta property=\"article:modified_time\" content=\"2023-05-16T16:18:45+00:00\" \/>\n<meta property=\"og:image\" content=\"https:\/\/www.ceibcn.com\/wp-content\/uploads\/2023\/01\/Logo-CEI.png\" \/>\n\t<meta property=\"og:image:width\" content=\"500\" \/>\n\t<meta property=\"og:image:height\" content=\"500\" \/>\n\t<meta property=\"og:image:type\" content=\"image\/png\" \/>\n<meta name=\"twitter:card\" content=\"summary_large_image\" \/>\n<meta name=\"twitter:site\" content=\"@CEIbcn\" \/>\n<meta name=\"twitter:label1\" content=\"Temps estimat de lectura\" \/>\n\t<meta name=\"twitter:data1\" content=\"2 minuts\" \/>\n<script type=\"application\/ld+json\" class=\"yoast-schema-graph\">{\"@context\":\"https:\/\/schema.org\",\"@graph\":[{\"@type\":\"WebPage\",\"@id\":\"https:\/\/www.ceibcn.com\/ca\/prueba-form\/\",\"url\":\"https:\/\/www.ceibcn.com\/ca\/prueba-form\/\",\"name\":\"Prueba Form - CEI International Affairs\",\"isPartOf\":{\"@id\":\"https:\/\/www.ceibcn.com\/ca\/#website\"},\"datePublished\":\"2023-05-16T13:05:48+00:00\",\"dateModified\":\"2023-05-16T16:18:45+00:00\",\"breadcrumb\":{\"@id\":\"https:\/\/www.ceibcn.com\/ca\/prueba-form\/#breadcrumb\"},\"inLanguage\":\"ca\",\"potentialAction\":[{\"@type\":\"ReadAction\",\"target\":[\"https:\/\/www.ceibcn.com\/ca\/prueba-form\/\"]}]},{\"@type\":\"BreadcrumbList\",\"@id\":\"https:\/\/www.ceibcn.com\/ca\/prueba-form\/#breadcrumb\",\"itemListElement\":[{\"@type\":\"ListItem\",\"position\":1,\"name\":\"Portada\",\"item\":\"https:\/\/www.ceibcn.com\/ca\/\"},{\"@type\":\"ListItem\",\"position\":2,\"name\":\"Prueba Form\"}]},{\"@type\":\"WebSite\",\"@id\":\"https:\/\/www.ceibcn.com\/ca\/#website\",\"url\":\"https:\/\/www.ceibcn.com\/ca\/\",\"name\":\"CEI International Affairs\",\"description\":\"CEI International Affairs\",\"publisher\":{\"@id\":\"https:\/\/www.ceibcn.com\/ca\/#organization\"},\"alternateName\":\"CEI International Affairs\",\"potentialAction\":[{\"@type\":\"SearchAction\",\"target\":{\"@type\":\"EntryPoint\",\"urlTemplate\":\"https:\/\/www.ceibcn.com\/ca\/?s={search_term_string}\"},\"query-input\":{\"@type\":\"PropertyValueSpecification\",\"valueRequired\":true,\"valueName\":\"search_term_string\"}}],\"inLanguage\":\"ca\"},{\"@type\":\"Organization\",\"@id\":\"https:\/\/www.ceibcn.com\/ca\/#organization\",\"name\":\"CEI International Affairs\",\"url\":\"https:\/\/www.ceibcn.com\/ca\/\",\"logo\":{\"@type\":\"ImageObject\",\"inLanguage\":\"ca\",\"@id\":\"https:\/\/www.ceibcn.com\/ca\/#\/schema\/logo\/image\/\",\"url\":\"https:\/\/www.ceibcn.com\/wp-content\/uploads\/2021\/09\/CeiLogo_EscuelaDiploVectorized_vectorizedSIN_FONDO.png\",\"contentUrl\":\"https:\/\/www.ceibcn.com\/wp-content\/uploads\/2021\/09\/CeiLogo_EscuelaDiploVectorized_vectorizedSIN_FONDO.png\",\"width\":1591,\"height\":629,\"caption\":\"CEI International Affairs\"},\"image\":{\"@id\":\"https:\/\/www.ceibcn.com\/ca\/#\/schema\/logo\/image\/\"},\"sameAs\":[\"https:\/\/www.facebook.com\/CEI.CentroDeEstudiosInternacionales\/\",\"https:\/\/x.com\/CEIbcn\",\"https:\/\/www.instagram.com\/cei_international\/\"]}]}<\/script>\n<!-- \/ Yoast SEO plugin. -->","yoast_head_json":{"title":"Prueba Form - CEI International Affairs","robots":{"index":"index","follow":"follow","max-snippet":"max-snippet:-1","max-image-preview":"max-image-preview:large","max-video-preview":"max-video-preview:-1"},"canonical":"https:\/\/www.ceibcn.com\/ca\/prueba-form\/","og_locale":"ca_ES","og_type":"article","og_title":"Prueba Form - CEI International Affairs","og_description":"Nombre* Apellido* Tel\u00e9fono* Curso* M\u00e1ster Universitario en Diplomacia y Organizaciones InternacionalesM\u00e1ster de formaci\u00f3n permanente en sostenibilidad. Medio ambiente sociedad y econom\u00edaCurso de la Uni\u00f3n EuropeaPreparaci\u00f3n de la Oposici\u00f3n a la Carrera Diplom\u00e1ticaCurso sobre la Actualidad de la Pol\u00edtica Exterior Espa\u00f1ola Email* Provincia* Pa\u00eds* Acepto Pol\u00edtica Privacidad Acepto Recibir Publicidad &#8211;Selecciona Valor&#8211;DBACCESSACCESSTEL\u00c9FONOCONFERENCIAALUMNOSEMINARIOMAILINGOTROSRELACIONES PUBLICASSITIO WEBSOCIOWEB DESCARGA FOLLETOWEB [&hellip;]","og_url":"https:\/\/www.ceibcn.com\/ca\/prueba-form\/","og_site_name":"CEI International Affairs","article_publisher":"https:\/\/www.facebook.com\/CEI.CentroDeEstudiosInternacionales\/","article_modified_time":"2023-05-16T16:18:45+00:00","og_image":[{"width":500,"height":500,"url":"https:\/\/www.ceibcn.com\/wp-content\/uploads\/2023\/01\/Logo-CEI.png","type":"image\/png"}],"twitter_card":"summary_large_image","twitter_site":"@CEIbcn","twitter_misc":{"Temps estimat de lectura":"2 minuts"},"schema":{"@context":"https:\/\/schema.org","@graph":[{"@type":"WebPage","@id":"https:\/\/www.ceibcn.com\/ca\/prueba-form\/","url":"https:\/\/www.ceibcn.com\/ca\/prueba-form\/","name":"Prueba Form - CEI International Affairs","isPartOf":{"@id":"https:\/\/www.ceibcn.com\/ca\/#website"},"datePublished":"2023-05-16T13:05:48+00:00","dateModified":"2023-05-16T16:18:45+00:00","breadcrumb":{"@id":"https:\/\/www.ceibcn.com\/ca\/prueba-form\/#breadcrumb"},"inLanguage":"ca","potentialAction":[{"@type":"ReadAction","target":["https:\/\/www.ceibcn.com\/ca\/prueba-form\/"]}]},{"@type":"BreadcrumbList","@id":"https:\/\/www.ceibcn.com\/ca\/prueba-form\/#breadcrumb","itemListElement":[{"@type":"ListItem","position":1,"name":"Portada","item":"https:\/\/www.ceibcn.com\/ca\/"},{"@type":"ListItem","position":2,"name":"Prueba Form"}]},{"@type":"WebSite","@id":"https:\/\/www.ceibcn.com\/ca\/#website","url":"https:\/\/www.ceibcn.com\/ca\/","name":"CEI International Affairs","description":"CEI International Affairs","publisher":{"@id":"https:\/\/www.ceibcn.com\/ca\/#organization"},"alternateName":"CEI International Affairs","potentialAction":[{"@type":"SearchAction","target":{"@type":"EntryPoint","urlTemplate":"https:\/\/www.ceibcn.com\/ca\/?s={search_term_string}"},"query-input":{"@type":"PropertyValueSpecification","valueRequired":true,"valueName":"search_term_string"}}],"inLanguage":"ca"},{"@type":"Organization","@id":"https:\/\/www.ceibcn.com\/ca\/#organization","name":"CEI International Affairs","url":"https:\/\/www.ceibcn.com\/ca\/","logo":{"@type":"ImageObject","inLanguage":"ca","@id":"https:\/\/www.ceibcn.com\/ca\/#\/schema\/logo\/image\/","url":"https:\/\/www.ceibcn.com\/wp-content\/uploads\/2021\/09\/CeiLogo_EscuelaDiploVectorized_vectorizedSIN_FONDO.png","contentUrl":"https:\/\/www.ceibcn.com\/wp-content\/uploads\/2021\/09\/CeiLogo_EscuelaDiploVectorized_vectorizedSIN_FONDO.png","width":1591,"height":629,"caption":"CEI International Affairs"},"image":{"@id":"https:\/\/www.ceibcn.com\/ca\/#\/schema\/logo\/image\/"},"sameAs":["https:\/\/www.facebook.com\/CEI.CentroDeEstudiosInternacionales\/","https:\/\/x.com\/CEIbcn","https:\/\/www.instagram.com\/cei_international\/"]}]}},"_links":{"self":[{"href":"https:\/\/www.ceibcn.com\/ca\/wp-json\/wp\/v2\/pages\/15932","targetHints":{"allow":["GET"]}}],"collection":[{"href":"https:\/\/www.ceibcn.com\/ca\/wp-json\/wp\/v2\/pages"}],"about":[{"href":"https:\/\/www.ceibcn.com\/ca\/wp-json\/wp\/v2\/types\/page"}],"author":[{"embeddable":true,"href":"https:\/\/www.ceibcn.com\/ca\/wp-json\/wp\/v2\/users\/6"}],"replies":[{"embeddable":true,"href":"https:\/\/www.ceibcn.com\/ca\/wp-json\/wp\/v2\/comments?post=15932"}],"version-history":[{"count":64,"href":"https:\/\/www.ceibcn.com\/ca\/wp-json\/wp\/v2\/pages\/15932\/revisions"}],"predecessor-version":[{"id":16006,"href":"https:\/\/www.ceibcn.com\/ca\/wp-json\/wp\/v2\/pages\/15932\/revisions\/16006"}],"wp:attachment":[{"href":"https:\/\/www.ceibcn.com\/ca\/wp-json\/wp\/v2\/media?parent=15932"}],"curies":[{"name":"wp","href":"https:\/\/api.w.org\/{rel}","templated":true}]}}