{"id":18807,"date":"2023-09-13T13:40:37","date_gmt":"2023-09-13T11:40:37","guid":{"rendered":"https:\/\/www.ceibcn.com\/masters\/mds\/sollicitud-de-titol\/"},"modified":"2023-10-10T17:14:45","modified_gmt":"2023-10-10T15:14:45","slug":"sollicitud-de-titol","status":"publish","type":"page","link":"https:\/\/www.ceibcn.com\/ca\/sollicitud-de-titol\/","title":{"rendered":"Sol\u00b7licitud de t\u00edtol"},"content":{"rendered":"\t\t<div data-elementor-type=\"wp-page\" data-elementor-id=\"18807\" class=\"elementor elementor-18807 elementor-18278\" data-elementor-settings=\"{&quot;ha_cmc_init_switcher&quot;:&quot;no&quot;}\" data-elementor-post-type=\"page\">\n\t\t\t\t\t\t<section class=\"elementor-section elementor-top-section elementor-element elementor-element-cfc633d elementor-section-full_width elementor-section-height-default elementor-section-height-default\" data-id=\"cfc633d\" data-element_type=\"section\" data-e-type=\"section\" data-settings=\"{&quot;_ha_eqh_enable&quot;:false}\">\n\t\t\t\t\t\t<div class=\"elementor-container elementor-column-gap-no\">\n\t\t\t\t\t<div class=\"elementor-column elementor-col-100 elementor-top-column elementor-element elementor-element-3d97e31\" data-id=\"3d97e31\" data-element_type=\"column\" data-e-type=\"column\">\n\t\t\t<div class=\"elementor-widget-wrap elementor-element-populated\">\n\t\t\t\t\t\t\t<\/div>\n\t\t<\/div>\n\t\t\t\t\t<\/div>\n\t\t<\/section>\n\t\t\t\t<section class=\"elementor-section elementor-top-section elementor-element elementor-element-9c8d37b elementor-section-boxed elementor-section-height-default elementor-section-height-default\" data-id=\"9c8d37b\" data-element_type=\"section\" data-e-type=\"section\" data-settings=\"{&quot;_ha_eqh_enable&quot;:false}\">\n\t\t\t\t\t\t<div class=\"elementor-container elementor-column-gap-default\">\n\t\t\t\t\t<div class=\"elementor-column elementor-col-100 elementor-top-column elementor-element elementor-element-bb0a71b\" data-id=\"bb0a71b\" data-element_type=\"column\" data-e-type=\"column\">\n\t\t\t<div class=\"elementor-widget-wrap elementor-element-populated\">\n\t\t\t\t\t\t<div class=\"elementor-element elementor-element-fb4ecac elementor-widget elementor-widget-spacer\" data-id=\"fb4ecac\" data-element_type=\"widget\" data-e-type=\"widget\" data-widget_type=\"spacer.default\">\n\t\t\t\t<div class=\"elementor-widget-container\">\n\t\t\t\t\t\t\t<div class=\"elementor-spacer\">\n\t\t\t<div class=\"elementor-spacer-inner\"><\/div>\n\t\t<\/div>\n\t\t\t\t\t\t<\/div>\n\t\t\t\t<\/div>\n\t\t\t\t<div class=\"elementor-element elementor-element-63927a8 html elementor-widget elementor-widget-text-editor\" data-id=\"63927a8\" data-element_type=\"widget\" data-e-type=\"widget\" data-widget_type=\"text-editor.default\">\n\t\t\t\t<div class=\"elementor-widget-container\">\n\t\t\t\t\t\t\t\t\t<p>L\u2019alumnat matriculat nom\u00e9s pot optar a obtenir el t\u00edtol de M\u00e0ster de Formaci\u00f3 Permanent de la Universitat de Barcelona corresponent quan hagi superat tots els m\u00f2duls que integrin l\u2019ensenyament, sense que hi hagi possibilitat d\u2019atorgar un t\u00edtol parcial en cas de no haver complert els requisits dels estudis corresponent. Aix\u00f2, sense perjudici de la possibilitat de certificar els cr\u00e8dits cursats als m\u00f2duls que hagi superat.<\/p><p>L\u2019alumnat que no disposi de titulaci\u00f3 pr\u00e8via en el moment d\u2019acc\u00e9s al M\u00e0ster obtindr\u00e0 en acabar un diploma superior universitari.<\/p><p>La tramitaci\u00f3 de l\u2019expedici\u00f3 dels t\u00edtols es realitzar\u00e0 autom\u00e0ticament al tancament de les actes del segon curs del programa per part de la secretaria del CEI.<\/p><p>El cost del t\u00edtol est\u00e0 incl\u00f2s al preu total del curs. La llengua en qu\u00e8 s\u2019expedeixen els t\u00edtols s\u00f3n les que es van escollir al moment de la matr\u00edcula efectiva al curs. El catal\u00e0 \u00e9s llengua obligat\u00f2ria del t\u00edtol i es podr\u00e0 escollir a m\u00e9s que el t\u00edtol consti en llengua anglesa com a segona llengua i en espanyol o una altra llengua com a tercera llengua.<\/p><p>En cas que el document d\u2019identitat presentat el dia de la matr\u00edcula hagi caducat es contactar\u00e0 amb l\u2019alumne\/a des de la secretaria del CEI per sol\u00b7licitar un document d\u2019identitat vigent en el moment de sol\u00b7licitud del t\u00edtol.<\/p><h3><strong>Duplicat del t\u00edtol<\/strong><\/h3><p>Quan sigui necessari expedir el duplicat d\u2019un t\u00edtol o la modificaci\u00f3 d\u2019un ja existent per causa imputable a l\u2019alumne\/a, es presentar\u00e0 una sol\u00b7licitud i justificar\u00e0 documentalment el motiu del duplicat o de la modificaci\u00f3. A aquesta sol\u00b7licitud s\u2019adjuntar\u00e0 la documentaci\u00f3 seg\u00fcent:<\/p><p>a) Per fer un canvi de nom o cognoms: t\u00edtol, diploma o certificat original i documentaci\u00f3 que acrediti el canvi que se sol\u00b7licita.<br \/>b) Per p\u00e8rdua: declaraci\u00f3 jurada de la p\u00e8rdua.<br \/>c) Per deteriorament: t\u00edtol, diploma o certificat original.<\/p><ol><li>A m\u00e9s, l\u2019alumne\/a a ha de pagar la taxa seg\u00fcent:<ul><li>Per a t\u00edtols corresponents a cursos de quinze cr\u00e8dits o m\u00e9s: la taxa que estableixi per a cada curs el Decret de preus de la Generalitat de Catalunya per al duplicat de t\u00edtols oficials de m\u00e0ster.<\/li><\/ul><\/li><li>Els duplicats han d&#8217;incloure la dilig\u00e8ncia seg\u00fcent: \u00abDuplicat del [t\u00edtol\/diploma\/certificat] expedit en data [data], amb plens efectes des de l\u2019expedici\u00f3.\u00bb.<\/li><li>La data d\u2019expedici\u00f3 que ha de constar als duplicats dels t\u00edtols \u00e9s, en tot cas, la data en qu\u00e8 s\u2019ha abonat la taxa corresponent.<\/li><\/ol>\t\t\t\t\t\t\t\t<\/div>\n\t\t\t\t<\/div>\n\t\t\t\t\t<\/div>\n\t\t<\/div>\n\t\t\t\t\t<\/div>\n\t\t<\/section>\n\t\t\t\t<\/div>\n\t\t","protected":false},"excerpt":{"rendered":"<p>L\u2019alumnat matriculat nom\u00e9s pot optar a obtenir el t\u00edtol de M\u00e0ster de Formaci\u00f3 Permanent de la Universitat de Barcelona corresponent quan hagi superat tots els m\u00f2duls que integrin l\u2019ensenyament, sense que hi hagi possibilitat d\u2019atorgar un t\u00edtol parcial en cas de no haver complert els requisits dels estudis corresponent. Aix\u00f2, sense perjudici de la possibilitat [&hellip;]<\/p>\n","protected":false},"author":6,"featured_media":0,"parent":0,"menu_order":0,"comment_status":"closed","ping_status":"closed","template":"","meta":{"_acf_changed":false,"_crdt_document":"","inline_featured_image":false,"footnotes":""},"class_list":["post-18807","page","type-page","status-publish","hentry"],"acf":[],"yoast_head":"<!-- This site is optimized with the Yoast SEO plugin v27.0 - https:\/\/yoast.com\/product\/yoast-seo-wordpress\/ -->\n<title>Sol\u00b7licitud de t\u00edtol - CEI International Affairs<\/title>\n<meta name=\"robots\" content=\"index, follow, max-snippet:-1, max-image-preview:large, max-video-preview:-1\" \/>\n<link rel=\"canonical\" href=\"https:\/\/www.ceibcn.com\/ca\/sollicitud-de-titol\/\" \/>\n<meta property=\"og:locale\" content=\"ca_ES\" \/>\n<meta property=\"og:type\" content=\"article\" \/>\n<meta property=\"og:title\" content=\"Sol\u00b7licitud de t\u00edtol - CEI International Affairs\" \/>\n<meta property=\"og:description\" content=\"L\u2019alumnat matriculat nom\u00e9s pot optar a obtenir el t\u00edtol de M\u00e0ster de Formaci\u00f3 Permanent de la Universitat de Barcelona corresponent quan hagi superat tots els m\u00f2duls que integrin l\u2019ensenyament, sense que hi hagi possibilitat d\u2019atorgar un t\u00edtol parcial en cas de no haver complert els requisits dels estudis corresponent. Aix\u00f2, sense perjudici de la possibilitat [&hellip;]\" \/>\n<meta property=\"og:url\" content=\"https:\/\/www.ceibcn.com\/ca\/sollicitud-de-titol\/\" \/>\n<meta property=\"og:site_name\" content=\"CEI International Affairs\" \/>\n<meta property=\"article:publisher\" content=\"https:\/\/www.facebook.com\/CEI.CentroDeEstudiosInternacionales\/\" \/>\n<meta property=\"article:modified_time\" content=\"2023-10-10T15:14:45+00:00\" \/>\n<meta property=\"og:image\" content=\"https:\/\/www.ceibcn.com\/wp-content\/uploads\/2023\/01\/Logo-CEI.png\" \/>\n\t<meta property=\"og:image:width\" content=\"500\" \/>\n\t<meta property=\"og:image:height\" content=\"500\" \/>\n\t<meta property=\"og:image:type\" content=\"image\/png\" \/>\n<meta name=\"twitter:card\" content=\"summary_large_image\" \/>\n<meta name=\"twitter:site\" content=\"@CEIbcn\" \/>\n<meta name=\"twitter:label1\" content=\"Temps estimat de lectura\" \/>\n\t<meta name=\"twitter:data1\" content=\"4 minuts\" \/>\n<script type=\"application\/ld+json\" class=\"yoast-schema-graph\">{\"@context\":\"https:\/\/schema.org\",\"@graph\":[{\"@type\":\"WebPage\",\"@id\":\"https:\/\/www.ceibcn.com\/ca\/sollicitud-de-titol\/\",\"url\":\"https:\/\/www.ceibcn.com\/ca\/sollicitud-de-titol\/\",\"name\":\"Sol\u00b7licitud de t\u00edtol - CEI International Affairs\",\"isPartOf\":{\"@id\":\"https:\/\/www.ceibcn.com\/ca\/#website\"},\"datePublished\":\"2023-09-13T11:40:37+00:00\",\"dateModified\":\"2023-10-10T15:14:45+00:00\",\"breadcrumb\":{\"@id\":\"https:\/\/www.ceibcn.com\/ca\/sollicitud-de-titol\/#breadcrumb\"},\"inLanguage\":\"ca\",\"potentialAction\":[{\"@type\":\"ReadAction\",\"target\":[\"https:\/\/www.ceibcn.com\/ca\/sollicitud-de-titol\/\"]}]},{\"@type\":\"BreadcrumbList\",\"@id\":\"https:\/\/www.ceibcn.com\/ca\/sollicitud-de-titol\/#breadcrumb\",\"itemListElement\":[{\"@type\":\"ListItem\",\"position\":1,\"name\":\"Portada\",\"item\":\"https:\/\/www.ceibcn.com\/ca\/\"},{\"@type\":\"ListItem\",\"position\":2,\"name\":\"Sol\u00b7licitud de t\u00edtol\"}]},{\"@type\":\"WebSite\",\"@id\":\"https:\/\/www.ceibcn.com\/ca\/#website\",\"url\":\"https:\/\/www.ceibcn.com\/ca\/\",\"name\":\"CEI International Affairs\",\"description\":\"CEI International Affairs\",\"publisher\":{\"@id\":\"https:\/\/www.ceibcn.com\/ca\/#organization\"},\"alternateName\":\"CEI International Affairs\",\"potentialAction\":[{\"@type\":\"SearchAction\",\"target\":{\"@type\":\"EntryPoint\",\"urlTemplate\":\"https:\/\/www.ceibcn.com\/ca\/?s={search_term_string}\"},\"query-input\":{\"@type\":\"PropertyValueSpecification\",\"valueRequired\":true,\"valueName\":\"search_term_string\"}}],\"inLanguage\":\"ca\"},{\"@type\":\"Organization\",\"@id\":\"https:\/\/www.ceibcn.com\/ca\/#organization\",\"name\":\"CEI International Affairs\",\"url\":\"https:\/\/www.ceibcn.com\/ca\/\",\"logo\":{\"@type\":\"ImageObject\",\"inLanguage\":\"ca\",\"@id\":\"https:\/\/www.ceibcn.com\/ca\/#\/schema\/logo\/image\/\",\"url\":\"https:\/\/www.ceibcn.com\/wp-content\/uploads\/2021\/09\/CeiLogo_EscuelaDiploVectorized_vectorizedSIN_FONDO.png\",\"contentUrl\":\"https:\/\/www.ceibcn.com\/wp-content\/uploads\/2021\/09\/CeiLogo_EscuelaDiploVectorized_vectorizedSIN_FONDO.png\",\"width\":1591,\"height\":629,\"caption\":\"CEI International Affairs\"},\"image\":{\"@id\":\"https:\/\/www.ceibcn.com\/ca\/#\/schema\/logo\/image\/\"},\"sameAs\":[\"https:\/\/www.facebook.com\/CEI.CentroDeEstudiosInternacionales\/\",\"https:\/\/x.com\/CEIbcn\",\"https:\/\/www.instagram.com\/cei_international\/\"]}]}<\/script>\n<!-- \/ Yoast SEO plugin. -->","yoast_head_json":{"title":"Sol\u00b7licitud de t\u00edtol - CEI International Affairs","robots":{"index":"index","follow":"follow","max-snippet":"max-snippet:-1","max-image-preview":"max-image-preview:large","max-video-preview":"max-video-preview:-1"},"canonical":"https:\/\/www.ceibcn.com\/ca\/sollicitud-de-titol\/","og_locale":"ca_ES","og_type":"article","og_title":"Sol\u00b7licitud de t\u00edtol - CEI International Affairs","og_description":"L\u2019alumnat matriculat nom\u00e9s pot optar a obtenir el t\u00edtol de M\u00e0ster de Formaci\u00f3 Permanent de la Universitat de Barcelona corresponent quan hagi superat tots els m\u00f2duls que integrin l\u2019ensenyament, sense que hi hagi possibilitat d\u2019atorgar un t\u00edtol parcial en cas de no haver complert els requisits dels estudis corresponent. Aix\u00f2, sense perjudici de la possibilitat [&hellip;]","og_url":"https:\/\/www.ceibcn.com\/ca\/sollicitud-de-titol\/","og_site_name":"CEI International Affairs","article_publisher":"https:\/\/www.facebook.com\/CEI.CentroDeEstudiosInternacionales\/","article_modified_time":"2023-10-10T15:14:45+00:00","og_image":[{"width":500,"height":500,"url":"https:\/\/www.ceibcn.com\/wp-content\/uploads\/2023\/01\/Logo-CEI.png","type":"image\/png"}],"twitter_card":"summary_large_image","twitter_site":"@CEIbcn","twitter_misc":{"Temps estimat de lectura":"4 minuts"},"schema":{"@context":"https:\/\/schema.org","@graph":[{"@type":"WebPage","@id":"https:\/\/www.ceibcn.com\/ca\/sollicitud-de-titol\/","url":"https:\/\/www.ceibcn.com\/ca\/sollicitud-de-titol\/","name":"Sol\u00b7licitud de t\u00edtol - CEI International Affairs","isPartOf":{"@id":"https:\/\/www.ceibcn.com\/ca\/#website"},"datePublished":"2023-09-13T11:40:37+00:00","dateModified":"2023-10-10T15:14:45+00:00","breadcrumb":{"@id":"https:\/\/www.ceibcn.com\/ca\/sollicitud-de-titol\/#breadcrumb"},"inLanguage":"ca","potentialAction":[{"@type":"ReadAction","target":["https:\/\/www.ceibcn.com\/ca\/sollicitud-de-titol\/"]}]},{"@type":"BreadcrumbList","@id":"https:\/\/www.ceibcn.com\/ca\/sollicitud-de-titol\/#breadcrumb","itemListElement":[{"@type":"ListItem","position":1,"name":"Portada","item":"https:\/\/www.ceibcn.com\/ca\/"},{"@type":"ListItem","position":2,"name":"Sol\u00b7licitud de t\u00edtol"}]},{"@type":"WebSite","@id":"https:\/\/www.ceibcn.com\/ca\/#website","url":"https:\/\/www.ceibcn.com\/ca\/","name":"CEI International Affairs","description":"CEI International Affairs","publisher":{"@id":"https:\/\/www.ceibcn.com\/ca\/#organization"},"alternateName":"CEI International Affairs","potentialAction":[{"@type":"SearchAction","target":{"@type":"EntryPoint","urlTemplate":"https:\/\/www.ceibcn.com\/ca\/?s={search_term_string}"},"query-input":{"@type":"PropertyValueSpecification","valueRequired":true,"valueName":"search_term_string"}}],"inLanguage":"ca"},{"@type":"Organization","@id":"https:\/\/www.ceibcn.com\/ca\/#organization","name":"CEI International Affairs","url":"https:\/\/www.ceibcn.com\/ca\/","logo":{"@type":"ImageObject","inLanguage":"ca","@id":"https:\/\/www.ceibcn.com\/ca\/#\/schema\/logo\/image\/","url":"https:\/\/www.ceibcn.com\/wp-content\/uploads\/2021\/09\/CeiLogo_EscuelaDiploVectorized_vectorizedSIN_FONDO.png","contentUrl":"https:\/\/www.ceibcn.com\/wp-content\/uploads\/2021\/09\/CeiLogo_EscuelaDiploVectorized_vectorizedSIN_FONDO.png","width":1591,"height":629,"caption":"CEI International Affairs"},"image":{"@id":"https:\/\/www.ceibcn.com\/ca\/#\/schema\/logo\/image\/"},"sameAs":["https:\/\/www.facebook.com\/CEI.CentroDeEstudiosInternacionales\/","https:\/\/x.com\/CEIbcn","https:\/\/www.instagram.com\/cei_international\/"]}]}},"_links":{"self":[{"href":"https:\/\/www.ceibcn.com\/ca\/wp-json\/wp\/v2\/pages\/18807","targetHints":{"allow":["GET"]}}],"collection":[{"href":"https:\/\/www.ceibcn.com\/ca\/wp-json\/wp\/v2\/pages"}],"about":[{"href":"https:\/\/www.ceibcn.com\/ca\/wp-json\/wp\/v2\/types\/page"}],"author":[{"embeddable":true,"href":"https:\/\/www.ceibcn.com\/ca\/wp-json\/wp\/v2\/users\/6"}],"replies":[{"embeddable":true,"href":"https:\/\/www.ceibcn.com\/ca\/wp-json\/wp\/v2\/comments?post=18807"}],"version-history":[{"count":4,"href":"https:\/\/www.ceibcn.com\/ca\/wp-json\/wp\/v2\/pages\/18807\/revisions"}],"predecessor-version":[{"id":18811,"href":"https:\/\/www.ceibcn.com\/ca\/wp-json\/wp\/v2\/pages\/18807\/revisions\/18811"}],"wp:attachment":[{"href":"https:\/\/www.ceibcn.com\/ca\/wp-json\/wp\/v2\/media?parent=18807"}],"curies":[{"name":"wp","href":"https:\/\/api.w.org\/{rel}","templated":true}]}}