{"id":4851,"date":"2022-03-25T12:16:20","date_gmt":"2022-03-25T12:16:20","guid":{"rendered":"https:\/\/www.ceibcn.com\/?page_id=4851"},"modified":"2022-07-18T21:15:20","modified_gmt":"2022-07-18T21:15:20","slug":"recerca","status":"publish","type":"page","link":"https:\/\/www.ceibcn.com\/ca\/recerca\/","title":{"rendered":"Recerca"},"content":{"rendered":"<div id=\"block-cei-cabecerablock_622fb152102d0\" class=\" wp-block-group block-cei-cabecera \">\n        <div class=\"media\" style=\"background-image:url(https:\/\/www.ceibcn.com\/wp-content\/uploads\/2022\/04\/research.jpeg)\">\n        <\/div>\n\n    <div class=\"titulo\">\n        <div class=\"wrapper\">\n            <h1>Treballs de recerca<\/h1>\n        <\/div>\n    <\/div>\n    <\/div>\n\n\n<div class=\"wp-block-group padding wrapper html\"><div class=\"wp-block-group__inner-container is-layout-flow wp-block-group-is-layout-flow\">\n<h2 class=\"wp-block-heading\">Treballs Final de M\u00e0ster<\/h2>\n\n\n\n<blockquote class=\"wp-block-quote is-layout-flow wp-block-quote-is-layout-flow\"><p>A continuaci\u00f3 posem a la vostra disposici\u00f3 un recull dels millors treballs finals del M\u00e0ster en Diplom\u00e0cia i Funci\u00f3 P\u00fablica Internacional. Els treballs es troben publicats al Dip\u00f2sit Digital de la Universitat de Barcelona. <a href=\"http:\/\/diposit.ub.edu\/dspace\/handle\/2445\/60850\" data-type=\"URL\" data-id=\"http:\/\/diposit.ub.edu\/dspace\/handle\/2445\/60850\" target=\"_blank\" rel=\"noreferrer noopener\">Podeu consultar els treballs aqu\u00ed<\/a><\/p><\/blockquote>\n<\/div><\/div>\n","protected":false},"excerpt":{"rendered":"<p>Treballs Final de M\u00e0ster A continuaci\u00f3 posem a la vostra disposici\u00f3 un recull dels millors treballs finals del M\u00e0ster en Diplom\u00e0cia i Funci\u00f3 P\u00fablica Internacional. Els treballs es troben publicats al Dip\u00f2sit Digital de la Universitat de Barcelona. Podeu consultar els treballs aqu\u00ed<\/p>\n","protected":false},"author":6,"featured_media":630,"parent":0,"menu_order":0,"comment_status":"closed","ping_status":"closed","template":"","meta":{"_acf_changed":false,"_crdt_document":"","inline_featured_image":false,"footnotes":""},"class_list":["post-4851","page","type-page","status-publish","has-post-thumbnail","hentry"],"acf":[],"yoast_head":"<!-- This site is optimized with the Yoast SEO plugin v27.0 - https:\/\/yoast.com\/product\/yoast-seo-wordpress\/ -->\n<title>Recerca - CEI International Affairs<\/title>\n<meta name=\"robots\" content=\"index, follow, max-snippet:-1, max-image-preview:large, max-video-preview:-1\" \/>\n<link rel=\"canonical\" href=\"https:\/\/www.ceibcn.com\/ca\/recerca\/\" \/>\n<meta property=\"og:locale\" content=\"ca_ES\" \/>\n<meta property=\"og:type\" content=\"article\" \/>\n<meta property=\"og:title\" content=\"Recerca - CEI International Affairs\" \/>\n<meta property=\"og:description\" content=\"Treballs Final de M\u00e0ster A continuaci\u00f3 posem a la vostra disposici\u00f3 un recull dels millors treballs finals del M\u00e0ster en Diplom\u00e0cia i Funci\u00f3 P\u00fablica Internacional. Els treballs es troben publicats al Dip\u00f2sit Digital de la Universitat de Barcelona. Podeu consultar els treballs aqu\u00ed\" \/>\n<meta property=\"og:url\" content=\"https:\/\/www.ceibcn.com\/ca\/recerca\/\" \/>\n<meta property=\"og:site_name\" content=\"CEI International Affairs\" \/>\n<meta property=\"article:publisher\" content=\"https:\/\/www.facebook.com\/CEI.CentroDeEstudiosInternacionales\/\" \/>\n<meta property=\"article:modified_time\" content=\"2022-07-18T21:15:20+00:00\" \/>\n<meta property=\"og:image\" content=\"https:\/\/www.ceibcn.com\/wp-content\/uploads\/2022\/04\/research.jpeg\" \/>\n\t<meta property=\"og:image:width\" content=\"720\" \/>\n\t<meta property=\"og:image:height\" content=\"480\" \/>\n\t<meta property=\"og:image:type\" content=\"image\/jpeg\" \/>\n<meta name=\"twitter:card\" content=\"summary_large_image\" \/>\n<meta name=\"twitter:site\" content=\"@CEIbcn\" \/>\n<script type=\"application\/ld+json\" class=\"yoast-schema-graph\">{\"@context\":\"https:\/\/schema.org\",\"@graph\":[{\"@type\":\"WebPage\",\"@id\":\"https:\/\/www.ceibcn.com\/ca\/recerca\/\",\"url\":\"https:\/\/www.ceibcn.com\/ca\/recerca\/\",\"name\":\"Recerca - CEI International Affairs\",\"isPartOf\":{\"@id\":\"https:\/\/www.ceibcn.com\/ca\/#website\"},\"primaryImageOfPage\":{\"@id\":\"https:\/\/www.ceibcn.com\/ca\/recerca\/#primaryimage\"},\"image\":{\"@id\":\"https:\/\/www.ceibcn.com\/ca\/recerca\/#primaryimage\"},\"thumbnailUrl\":\"https:\/\/www.ceibcn.com\/wp-content\/uploads\/2022\/04\/research.jpeg\",\"datePublished\":\"2022-03-25T12:16:20+00:00\",\"dateModified\":\"2022-07-18T21:15:20+00:00\",\"breadcrumb\":{\"@id\":\"https:\/\/www.ceibcn.com\/ca\/recerca\/#breadcrumb\"},\"inLanguage\":\"ca\",\"potentialAction\":[{\"@type\":\"ReadAction\",\"target\":[\"https:\/\/www.ceibcn.com\/ca\/recerca\/\"]}]},{\"@type\":\"ImageObject\",\"inLanguage\":\"ca\",\"@id\":\"https:\/\/www.ceibcn.com\/ca\/recerca\/#primaryimage\",\"url\":\"https:\/\/www.ceibcn.com\/wp-content\/uploads\/2022\/04\/research.jpeg\",\"contentUrl\":\"https:\/\/www.ceibcn.com\/wp-content\/uploads\/2022\/04\/research.jpeg\",\"width\":720,\"height\":480,\"caption\":\"Research papers\"},{\"@type\":\"BreadcrumbList\",\"@id\":\"https:\/\/www.ceibcn.com\/ca\/recerca\/#breadcrumb\",\"itemListElement\":[{\"@type\":\"ListItem\",\"position\":1,\"name\":\"Portada\",\"item\":\"https:\/\/www.ceibcn.com\/ca\/\"},{\"@type\":\"ListItem\",\"position\":2,\"name\":\"Recerca\"}]},{\"@type\":\"WebSite\",\"@id\":\"https:\/\/www.ceibcn.com\/ca\/#website\",\"url\":\"https:\/\/www.ceibcn.com\/ca\/\",\"name\":\"CEI International Affairs\",\"description\":\"CEI International Affairs\",\"publisher\":{\"@id\":\"https:\/\/www.ceibcn.com\/ca\/#organization\"},\"alternateName\":\"CEI International Affairs\",\"potentialAction\":[{\"@type\":\"SearchAction\",\"target\":{\"@type\":\"EntryPoint\",\"urlTemplate\":\"https:\/\/www.ceibcn.com\/ca\/?s={search_term_string}\"},\"query-input\":{\"@type\":\"PropertyValueSpecification\",\"valueRequired\":true,\"valueName\":\"search_term_string\"}}],\"inLanguage\":\"ca\"},{\"@type\":\"Organization\",\"@id\":\"https:\/\/www.ceibcn.com\/ca\/#organization\",\"name\":\"CEI International Affairs\",\"url\":\"https:\/\/www.ceibcn.com\/ca\/\",\"logo\":{\"@type\":\"ImageObject\",\"inLanguage\":\"ca\",\"@id\":\"https:\/\/www.ceibcn.com\/ca\/#\/schema\/logo\/image\/\",\"url\":\"https:\/\/www.ceibcn.com\/wp-content\/uploads\/2021\/09\/CeiLogo_EscuelaDiploVectorized_vectorizedSIN_FONDO.png\",\"contentUrl\":\"https:\/\/www.ceibcn.com\/wp-content\/uploads\/2021\/09\/CeiLogo_EscuelaDiploVectorized_vectorizedSIN_FONDO.png\",\"width\":1591,\"height\":629,\"caption\":\"CEI International Affairs\"},\"image\":{\"@id\":\"https:\/\/www.ceibcn.com\/ca\/#\/schema\/logo\/image\/\"},\"sameAs\":[\"https:\/\/www.facebook.com\/CEI.CentroDeEstudiosInternacionales\/\",\"https:\/\/x.com\/CEIbcn\",\"https:\/\/www.instagram.com\/cei_international\/\"]}]}<\/script>\n<!-- \/ Yoast SEO plugin. -->","yoast_head_json":{"title":"Recerca - CEI International Affairs","robots":{"index":"index","follow":"follow","max-snippet":"max-snippet:-1","max-image-preview":"max-image-preview:large","max-video-preview":"max-video-preview:-1"},"canonical":"https:\/\/www.ceibcn.com\/ca\/recerca\/","og_locale":"ca_ES","og_type":"article","og_title":"Recerca - CEI International Affairs","og_description":"Treballs Final de M\u00e0ster A continuaci\u00f3 posem a la vostra disposici\u00f3 un recull dels millors treballs finals del M\u00e0ster en Diplom\u00e0cia i Funci\u00f3 P\u00fablica Internacional. Els treballs es troben publicats al Dip\u00f2sit Digital de la Universitat de Barcelona. Podeu consultar els treballs aqu\u00ed","og_url":"https:\/\/www.ceibcn.com\/ca\/recerca\/","og_site_name":"CEI International Affairs","article_publisher":"https:\/\/www.facebook.com\/CEI.CentroDeEstudiosInternacionales\/","article_modified_time":"2022-07-18T21:15:20+00:00","og_image":[{"width":720,"height":480,"url":"https:\/\/www.ceibcn.com\/wp-content\/uploads\/2022\/04\/research.jpeg","type":"image\/jpeg"}],"twitter_card":"summary_large_image","twitter_site":"@CEIbcn","schema":{"@context":"https:\/\/schema.org","@graph":[{"@type":"WebPage","@id":"https:\/\/www.ceibcn.com\/ca\/recerca\/","url":"https:\/\/www.ceibcn.com\/ca\/recerca\/","name":"Recerca - CEI International Affairs","isPartOf":{"@id":"https:\/\/www.ceibcn.com\/ca\/#website"},"primaryImageOfPage":{"@id":"https:\/\/www.ceibcn.com\/ca\/recerca\/#primaryimage"},"image":{"@id":"https:\/\/www.ceibcn.com\/ca\/recerca\/#primaryimage"},"thumbnailUrl":"https:\/\/www.ceibcn.com\/wp-content\/uploads\/2022\/04\/research.jpeg","datePublished":"2022-03-25T12:16:20+00:00","dateModified":"2022-07-18T21:15:20+00:00","breadcrumb":{"@id":"https:\/\/www.ceibcn.com\/ca\/recerca\/#breadcrumb"},"inLanguage":"ca","potentialAction":[{"@type":"ReadAction","target":["https:\/\/www.ceibcn.com\/ca\/recerca\/"]}]},{"@type":"ImageObject","inLanguage":"ca","@id":"https:\/\/www.ceibcn.com\/ca\/recerca\/#primaryimage","url":"https:\/\/www.ceibcn.com\/wp-content\/uploads\/2022\/04\/research.jpeg","contentUrl":"https:\/\/www.ceibcn.com\/wp-content\/uploads\/2022\/04\/research.jpeg","width":720,"height":480,"caption":"Research papers"},{"@type":"BreadcrumbList","@id":"https:\/\/www.ceibcn.com\/ca\/recerca\/#breadcrumb","itemListElement":[{"@type":"ListItem","position":1,"name":"Portada","item":"https:\/\/www.ceibcn.com\/ca\/"},{"@type":"ListItem","position":2,"name":"Recerca"}]},{"@type":"WebSite","@id":"https:\/\/www.ceibcn.com\/ca\/#website","url":"https:\/\/www.ceibcn.com\/ca\/","name":"CEI International Affairs","description":"CEI International Affairs","publisher":{"@id":"https:\/\/www.ceibcn.com\/ca\/#organization"},"alternateName":"CEI International Affairs","potentialAction":[{"@type":"SearchAction","target":{"@type":"EntryPoint","urlTemplate":"https:\/\/www.ceibcn.com\/ca\/?s={search_term_string}"},"query-input":{"@type":"PropertyValueSpecification","valueRequired":true,"valueName":"search_term_string"}}],"inLanguage":"ca"},{"@type":"Organization","@id":"https:\/\/www.ceibcn.com\/ca\/#organization","name":"CEI International Affairs","url":"https:\/\/www.ceibcn.com\/ca\/","logo":{"@type":"ImageObject","inLanguage":"ca","@id":"https:\/\/www.ceibcn.com\/ca\/#\/schema\/logo\/image\/","url":"https:\/\/www.ceibcn.com\/wp-content\/uploads\/2021\/09\/CeiLogo_EscuelaDiploVectorized_vectorizedSIN_FONDO.png","contentUrl":"https:\/\/www.ceibcn.com\/wp-content\/uploads\/2021\/09\/CeiLogo_EscuelaDiploVectorized_vectorizedSIN_FONDO.png","width":1591,"height":629,"caption":"CEI International Affairs"},"image":{"@id":"https:\/\/www.ceibcn.com\/ca\/#\/schema\/logo\/image\/"},"sameAs":["https:\/\/www.facebook.com\/CEI.CentroDeEstudiosInternacionales\/","https:\/\/x.com\/CEIbcn","https:\/\/www.instagram.com\/cei_international\/"]}]}},"_links":{"self":[{"href":"https:\/\/www.ceibcn.com\/ca\/wp-json\/wp\/v2\/pages\/4851","targetHints":{"allow":["GET"]}}],"collection":[{"href":"https:\/\/www.ceibcn.com\/ca\/wp-json\/wp\/v2\/pages"}],"about":[{"href":"https:\/\/www.ceibcn.com\/ca\/wp-json\/wp\/v2\/types\/page"}],"author":[{"embeddable":true,"href":"https:\/\/www.ceibcn.com\/ca\/wp-json\/wp\/v2\/users\/6"}],"replies":[{"embeddable":true,"href":"https:\/\/www.ceibcn.com\/ca\/wp-json\/wp\/v2\/comments?post=4851"}],"version-history":[{"count":5,"href":"https:\/\/www.ceibcn.com\/ca\/wp-json\/wp\/v2\/pages\/4851\/revisions"}],"predecessor-version":[{"id":5013,"href":"https:\/\/www.ceibcn.com\/ca\/wp-json\/wp\/v2\/pages\/4851\/revisions\/5013"}],"wp:featuredmedia":[{"embeddable":true,"href":"https:\/\/www.ceibcn.com\/ca\/wp-json\/wp\/v2\/media\/630"}],"wp:attachment":[{"href":"https:\/\/www.ceibcn.com\/ca\/wp-json\/wp\/v2\/media?parent=4851"}],"curies":[{"name":"wp","href":"https:\/\/api.w.org\/{rel}","templated":true}]}}